{"id":361503,"date":"2024-10-05T04:38:53","date_gmt":"2024-10-05T04:38:53","guid":{"rendered":"https:\/\/irankiuzona.lt\/product\/l-formos-lenktuprailgintu-6-kampiu-hex-komplektas-2\/"},"modified":"2026-04-15T02:34:14","modified_gmt":"2026-04-15T02:34:14","slug":"l-formos-lenktuprailgintu-6-kampiu-hex-komplektas-2","status":"publish","type":"product","link":"https:\/\/irankiuzona.lt\/ru\/product\/l-formos-lenktuprailgintu-6-kampiu-hex-komplektas-2\/","title":{"rendered":"L-formos lenkt\u0173,prailgint\u0173 6-kampi\u0173 HEX komplektas"},"content":{"rendered":"<p>Komplekte: 1.5, 2, 2.5, 3, 4, 5, 6, 8, 10 mm.<\/p>","protected":false},"excerpt":{"rendered":"<p>L-formos lenkt\u0173,prailgint\u0173 6-kampi\u0173 HEX komplektas<\/p>","protected":false},"featured_media":267455,"comment_status":"open","ping_status":"open","template":"","meta":[],"product_cat":[9882],"product_tag":[9969],"class_list":{"0":"post-361503","1":"product","2":"type-product","3":"status-publish","4":"has-post-thumbnail","6":"product_brand-hogert-technik-vokietija","7":"product_cat-l-formos-hex-raktai","8":"product_tag-hogert-technik-vokietija","10":"first","11":"instock","12":"purchasable","13":"product-type-simple"},"jetpack_sharing_enabled":true,"_links":{"self":[{"href":"https:\/\/irankiuzona.lt\/ru\/wp-json\/wp\/v2\/product\/361503","targetHints":{"allow":["GET"]}}],"collection":[{"href":"https:\/\/irankiuzona.lt\/ru\/wp-json\/wp\/v2\/product"}],"about":[{"href":"https:\/\/irankiuzona.lt\/ru\/wp-json\/wp\/v2\/types\/product"}],"replies":[{"embeddable":true,"href":"https:\/\/irankiuzona.lt\/ru\/wp-json\/wp\/v2\/comments?post=361503"}],"version-history":[{"count":1,"href":"https:\/\/irankiuzona.lt\/ru\/wp-json\/wp\/v2\/product\/361503\/revisions"}],"predecessor-version":[{"id":424295,"href":"https:\/\/irankiuzona.lt\/ru\/wp-json\/wp\/v2\/product\/361503\/revisions\/424295"}],"wp:featuredmedia":[{"embeddable":true,"href":"https:\/\/irankiuzona.lt\/ru\/wp-json\/wp\/v2\/media\/267455"}],"wp:attachment":[{"href":"https:\/\/irankiuzona.lt\/ru\/wp-json\/wp\/v2\/media?parent=361503"}],"wp:term":[{"taxonomy":"product_cat","embeddable":true,"href":"https:\/\/irankiuzona.lt\/ru\/wp-json\/wp\/v2\/product_cat?post=361503"},{"taxonomy":"product_tag","embeddable":true,"href":"https:\/\/irankiuzona.lt\/ru\/wp-json\/wp\/v2\/product_tag?post=361503"}],"curies":[{"name":"wp","href":"https:\/\/api.w.org\/{rel}","templated":true}]}}