{"id":361507,"date":"2024-10-05T04:39:08","date_gmt":"2024-10-05T04:39:08","guid":{"rendered":"https:\/\/irankiuzona.lt\/product\/dumu-generatorius-nesandarumo-nuotekio-paieskai-2\/"},"modified":"2026-03-05T13:50:30","modified_gmt":"2026-03-05T13:50:30","slug":"dumu-generatorius-nesandarumo-nuotekio-paieskai-2","status":"publish","type":"product","link":"https:\/\/irankiuzona.lt\/ru\/product\/dumu-generatorius-nesandarumo-nuotekio-paieskai-2\/","title":{"rendered":"D\u016bm\u0173 generatorius nesandarumo, nuot\u0117kio paie\u0161kai"},"content":{"rendered":"<p>Greitas d\u016bm\u0173 generavimas<br \/>\nPritaikymas:<br \/>\nTarpini\u0173 ir jungiam\u0173j\u0173 detali\u0173, droselio sklend\u0117s a\u0161ies, katalizatori\u0173 \/ i\u0161metamosios sistemos, turbinos ir kompresoriaus sistem\u0173, diafragm\u0173, \u017eibint\u0173 korpus\u0173, EGR vo\u017etuv\u0173, \u017earn\u0173, stabd\u017ei\u0173 stiprintuvo sistem\u0173, vakuumo pompos, bei vamzdyno, centrinio u\u017erakto sistem\u0173, \u012fsiurbimo kolektori\u0173, MAP, EVAP sistem\u0173, &quot;intercooler&quot; radiatori\u0173, bei j\u0173 jung\u010di\u0173 sandarumui tikrinti.<br \/>\nTaip pat prietaisas gali b\u016bti naudojamas dur\u0173 ir lang\u0173, bei kitiems sandarumo patikros testams!<br \/>\nTechniniai parametrai:<br \/>\nMaksimalus d\u016bm\u0173 sl\u0117gis iki 1.2 bar\/17 psi<br \/>\nMaksimalus d\u016bm\u0173 srautas iki 10 l\/min<br \/>\nMaitinimas 12V (Jungiama nuo akumuliatori\u0173 baterijos)<br \/>\nSrov\u0117 iki 8A<br \/>\nPried\u0173 s\u0105ra\u0161as:<br \/>\nKabliukas<br \/>\nMaitinimo laidas<br \/>\nD\u016bm\u0173 \u017earna<br \/>\nK\u016bginis adapteris<br \/>\nP\u016bsl\u0117 + atsargin\u0117 guma<br \/>\nButeliukas 50 ml<\/p>","protected":false},"excerpt":{"rendered":"<p>D\u016bm\u0173 generatorius nesandarumo, nuot\u0117kio paie\u0161kai<\/p>","protected":false},"featured_media":267540,"comment_status":"open","ping_status":"open","template":"","meta":[],"product_cat":[9563],"product_tag":[],"class_list":{"0":"post-361507","1":"product","2":"type-product","3":"status-publish","4":"has-post-thumbnail","6":"product_cat-irankiai-ausinimo-sistemai","8":"first","9":"outofstock","10":"purchasable","11":"product-type-simple"},"jetpack_sharing_enabled":true,"_links":{"self":[{"href":"https:\/\/irankiuzona.lt\/ru\/wp-json\/wp\/v2\/product\/361507","targetHints":{"allow":["GET"]}}],"collection":[{"href":"https:\/\/irankiuzona.lt\/ru\/wp-json\/wp\/v2\/product"}],"about":[{"href":"https:\/\/irankiuzona.lt\/ru\/wp-json\/wp\/v2\/types\/product"}],"replies":[{"embeddable":true,"href":"https:\/\/irankiuzona.lt\/ru\/wp-json\/wp\/v2\/comments?post=361507"}],"version-history":[{"count":1,"href":"https:\/\/irankiuzona.lt\/ru\/wp-json\/wp\/v2\/product\/361507\/revisions"}],"predecessor-version":[{"id":424323,"href":"https:\/\/irankiuzona.lt\/ru\/wp-json\/wp\/v2\/product\/361507\/revisions\/424323"}],"wp:featuredmedia":[{"embeddable":true,"href":"https:\/\/irankiuzona.lt\/ru\/wp-json\/wp\/v2\/media\/267540"}],"wp:attachment":[{"href":"https:\/\/irankiuzona.lt\/ru\/wp-json\/wp\/v2\/media?parent=361507"}],"wp:term":[{"taxonomy":"product_cat","embeddable":true,"href":"https:\/\/irankiuzona.lt\/ru\/wp-json\/wp\/v2\/product_cat?post=361507"},{"taxonomy":"product_tag","embeddable":true,"href":"https:\/\/irankiuzona.lt\/ru\/wp-json\/wp\/v2\/product_tag?post=361507"}],"curies":[{"name":"wp","href":"https:\/\/api.w.org\/{rel}","templated":true}]}}