{"id":361527,"date":"2024-10-05T04:40:27","date_gmt":"2024-10-05T04:40:27","guid":{"rendered":"https:\/\/irankiuzona.lt\/product\/hidraulinis-presas-30-tonu-dvieju-greiciu\/"},"modified":"2026-05-15T01:56:49","modified_gmt":"2026-05-15T01:56:49","slug":"hidraulinis-presas-30-tonu-dvieju-greiciu","status":"publish","type":"product","link":"https:\/\/irankiuzona.lt\/ru\/product\/hidraulinis-presas-30-tonu-dvieju-greiciu\/","title":{"rendered":"Hidraulinis presas 30 ton\u0173 \/ dviej\u0173 grei\u010di\u0173"},"content":{"rendered":"<p>Prek\u0117s spalva ar atspalvis gali skirtis, nuo pavaizduot\u0173 nuotraukose.Did\u017eiausia j\u0117ga, t: 30Darbinis auk\u0161tis, mm: 0-970Darbinis plotis, mm: 560Korpuso med\u017eiaga: metalasDydis, cm: 182x70x60Svoris, kg: 132<\/p>","protected":false},"excerpt":{"rendered":"<p>Tvirtas hidraulinis presas 30ton\u0173 galingumo su 2 grei\u010di\u0173 hidrauline pompa<\/p>","protected":false},"featured_media":267981,"comment_status":"open","ping_status":"open","template":"","meta":[],"product_cat":[9946],"product_tag":[10151],"class_list":{"0":"post-361527","1":"product","2":"type-product","3":"status-publish","4":"has-post-thumbnail","6":"product_brand-lenkija-tiekejas","7":"product_cat-hidrauliniai-presai","8":"product_tag-lenkija-tiekejas","10":"first","11":"instock","12":"purchasable","13":"product-type-simple"},"jetpack_sharing_enabled":true,"_links":{"self":[{"href":"https:\/\/irankiuzona.lt\/ru\/wp-json\/wp\/v2\/product\/361527","targetHints":{"allow":["GET"]}}],"collection":[{"href":"https:\/\/irankiuzona.lt\/ru\/wp-json\/wp\/v2\/product"}],"about":[{"href":"https:\/\/irankiuzona.lt\/ru\/wp-json\/wp\/v2\/types\/product"}],"replies":[{"embeddable":true,"href":"https:\/\/irankiuzona.lt\/ru\/wp-json\/wp\/v2\/comments?post=361527"}],"version-history":[{"count":1,"href":"https:\/\/irankiuzona.lt\/ru\/wp-json\/wp\/v2\/product\/361527\/revisions"}],"predecessor-version":[{"id":424474,"href":"https:\/\/irankiuzona.lt\/ru\/wp-json\/wp\/v2\/product\/361527\/revisions\/424474"}],"wp:featuredmedia":[{"embeddable":true,"href":"https:\/\/irankiuzona.lt\/ru\/wp-json\/wp\/v2\/media\/267981"}],"wp:attachment":[{"href":"https:\/\/irankiuzona.lt\/ru\/wp-json\/wp\/v2\/media?parent=361527"}],"wp:term":[{"taxonomy":"product_cat","embeddable":true,"href":"https:\/\/irankiuzona.lt\/ru\/wp-json\/wp\/v2\/product_cat?post=361527"},{"taxonomy":"product_tag","embeddable":true,"href":"https:\/\/irankiuzona.lt\/ru\/wp-json\/wp\/v2\/product_tag?post=361527"}],"curies":[{"name":"wp","href":"https:\/\/api.w.org\/{rel}","templated":true}]}}