{"id":361543,"date":"2024-10-05T04:41:27","date_gmt":"2024-10-05T04:41:27","guid":{"rendered":"https:\/\/irankiuzona.lt\/product\/graztas-metalui-su-nutekintu-kotu-195-mm-2\/"},"modified":"2026-04-15T11:09:41","modified_gmt":"2026-04-15T11:09:41","slug":"graztas-metalui-su-nutekintu-kotu-195-mm-2","status":"publish","type":"product","link":"https:\/\/irankiuzona.lt\/ru\/product\/graztas-metalui-su-nutekintu-kotu-195-mm-2\/","title":{"rendered":"Gr\u0105\u017etas metalui su nutekintu kotu 19,5 mm"},"content":{"rendered":"<p>Gr\u0105\u017eto skersmuo 19,5 mm1 vnt.<\/p>","protected":false},"excerpt":{"rendered":"<p>Gr\u0105\u017etas metalui su nutekintu kotu 19,5 mm<\/p>","protected":false},"featured_media":268130,"comment_status":"open","ping_status":"open","template":"","meta":[],"product_cat":[10023],"product_tag":[9646],"class_list":{"0":"post-361543","1":"product","2":"type-product","3":"status-publish","4":"has-post-thumbnail","6":"product_brand-drel-lenkija","7":"product_cat-graztai-metalui-su-nutekintu-kotu","8":"product_tag-drel-lenkija","10":"first","11":"instock","12":"purchasable","13":"product-type-simple"},"jetpack_sharing_enabled":true,"_links":{"self":[{"href":"https:\/\/irankiuzona.lt\/ru\/wp-json\/wp\/v2\/product\/361543","targetHints":{"allow":["GET"]}}],"collection":[{"href":"https:\/\/irankiuzona.lt\/ru\/wp-json\/wp\/v2\/product"}],"about":[{"href":"https:\/\/irankiuzona.lt\/ru\/wp-json\/wp\/v2\/types\/product"}],"replies":[{"embeddable":true,"href":"https:\/\/irankiuzona.lt\/ru\/wp-json\/wp\/v2\/comments?post=361543"}],"version-history":[{"count":1,"href":"https:\/\/irankiuzona.lt\/ru\/wp-json\/wp\/v2\/product\/361543\/revisions"}],"predecessor-version":[{"id":424524,"href":"https:\/\/irankiuzona.lt\/ru\/wp-json\/wp\/v2\/product\/361543\/revisions\/424524"}],"wp:featuredmedia":[{"embeddable":true,"href":"https:\/\/irankiuzona.lt\/ru\/wp-json\/wp\/v2\/media\/268130"}],"wp:attachment":[{"href":"https:\/\/irankiuzona.lt\/ru\/wp-json\/wp\/v2\/media?parent=361543"}],"wp:term":[{"taxonomy":"product_cat","embeddable":true,"href":"https:\/\/irankiuzona.lt\/ru\/wp-json\/wp\/v2\/product_cat?post=361543"},{"taxonomy":"product_tag","embeddable":true,"href":"https:\/\/irankiuzona.lt\/ru\/wp-json\/wp\/v2\/product_tag?post=361543"}],"curies":[{"name":"wp","href":"https:\/\/api.w.org\/{rel}","templated":true}]}}