{"id":361555,"date":"2024-10-05T04:41:51","date_gmt":"2024-10-05T04:41:51","guid":{"rendered":"https:\/\/irankiuzona.lt\/product\/smugine-galvute-3-4-e24-ilga-e-profil-2\/"},"modified":"2025-08-12T23:05:12","modified_gmt":"2025-08-12T23:05:12","slug":"smugine-galvute-3-4-e24-ilga-e-profil-2","status":"publish","type":"product","link":"https:\/\/irankiuzona.lt\/ru\/product\/smugine-galvute-3-4-e24-ilga-e-profil-2\/","title":{"rendered":"Sm\u016bgin\u0117 galvut\u0117 3\/4&quot; E24 ilga (E-profil)"},"content":{"rendered":"<p>Galvut\u0117 ilga Cr-Mo E24 3\/4&quot;MAN Common-Rail-Motoren D20Sunkve\u017eimi\u0173 variklio galvos var\u017etams<\/p>","protected":false},"excerpt":{"rendered":"<p>Sm\u016bgin\u0117 galvut\u0117 3\/4&quot; E24 ilga (E-profil)<\/p>","protected":false},"featured_media":268247,"comment_status":"open","ping_status":"open","template":"","meta":[],"product_cat":[9743],"product_tag":[10151],"class_list":{"0":"post-361555","1":"product","2":"type-product","3":"status-publish","4":"has-post-thumbnail","6":"product_brand-lenkija-tiekejas","7":"product_cat-cr-mo-smugines-galvutes-e-profil-torx","8":"product_tag-lenkija-tiekejas","10":"first","11":"instock","12":"purchasable","13":"product-type-simple"},"jetpack_sharing_enabled":true,"_links":{"self":[{"href":"https:\/\/irankiuzona.lt\/ru\/wp-json\/wp\/v2\/product\/361555","targetHints":{"allow":["GET"]}}],"collection":[{"href":"https:\/\/irankiuzona.lt\/ru\/wp-json\/wp\/v2\/product"}],"about":[{"href":"https:\/\/irankiuzona.lt\/ru\/wp-json\/wp\/v2\/types\/product"}],"replies":[{"embeddable":true,"href":"https:\/\/irankiuzona.lt\/ru\/wp-json\/wp\/v2\/comments?post=361555"}],"version-history":[{"count":0,"href":"https:\/\/irankiuzona.lt\/ru\/wp-json\/wp\/v2\/product\/361555\/revisions"}],"wp:featuredmedia":[{"embeddable":true,"href":"https:\/\/irankiuzona.lt\/ru\/wp-json\/wp\/v2\/media\/268247"}],"wp:attachment":[{"href":"https:\/\/irankiuzona.lt\/ru\/wp-json\/wp\/v2\/media?parent=361555"}],"wp:term":[{"taxonomy":"product_cat","embeddable":true,"href":"https:\/\/irankiuzona.lt\/ru\/wp-json\/wp\/v2\/product_cat?post=361555"},{"taxonomy":"product_tag","embeddable":true,"href":"https:\/\/irankiuzona.lt\/ru\/wp-json\/wp\/v2\/product_tag?post=361555"}],"curies":[{"name":"wp","href":"https:\/\/api.w.org\/{rel}","templated":true}]}}