{"id":361583,"date":"2024-10-05T04:42:41","date_gmt":"2024-10-05T04:42:41","guid":{"rendered":"https:\/\/irankiuzona.lt\/product\/stabdziu-suportu-remonto-komplektas-18daliu-2\/"},"modified":"2026-03-16T17:51:01","modified_gmt":"2026-03-16T17:51:01","slug":"stabdziu-suportu-remonto-komplektas-18daliu-2","status":"publish","type":"product","link":"https:\/\/irankiuzona.lt\/ru\/product\/stabdziu-suportu-remonto-komplektas-18daliu-2\/","title":{"rendered":"Stabd\u017ei\u0173 suport\u0173 remonto komplektas 18dali\u0173"},"content":{"rendered":"<p>Komplekte:D\u0117\u017eut\u01172 sust\u016bm\u0117jai ( kairinis ir de\u0161ininis )1 l\u0117k\u0161tut\u011715 adapteri\u0173<\/p>","protected":false},"excerpt":{"rendered":"<p>Stabd\u017ei\u0173 suport\u0173 remonto komplektas 18dali\u0173<\/p>","protected":false},"featured_media":268498,"comment_status":"open","ping_status":"open","template":"","meta":[],"product_cat":[9540],"product_tag":[10115],"class_list":{"0":"post-361583","1":"product","2":"type-product","3":"status-publish","4":"has-post-thumbnail","6":"product_brand-resser-lenkija","7":"product_cat-suportu-remonto-irankiai","8":"product_tag-resser-lenkija","10":"first","11":"outofstock","12":"purchasable","13":"product-type-simple"},"jetpack_sharing_enabled":true,"_links":{"self":[{"href":"https:\/\/irankiuzona.lt\/ru\/wp-json\/wp\/v2\/product\/361583","targetHints":{"allow":["GET"]}}],"collection":[{"href":"https:\/\/irankiuzona.lt\/ru\/wp-json\/wp\/v2\/product"}],"about":[{"href":"https:\/\/irankiuzona.lt\/ru\/wp-json\/wp\/v2\/types\/product"}],"replies":[{"embeddable":true,"href":"https:\/\/irankiuzona.lt\/ru\/wp-json\/wp\/v2\/comments?post=361583"}],"version-history":[{"count":1,"href":"https:\/\/irankiuzona.lt\/ru\/wp-json\/wp\/v2\/product\/361583\/revisions"}],"predecessor-version":[{"id":424651,"href":"https:\/\/irankiuzona.lt\/ru\/wp-json\/wp\/v2\/product\/361583\/revisions\/424651"}],"wp:featuredmedia":[{"embeddable":true,"href":"https:\/\/irankiuzona.lt\/ru\/wp-json\/wp\/v2\/media\/268498"}],"wp:attachment":[{"href":"https:\/\/irankiuzona.lt\/ru\/wp-json\/wp\/v2\/media?parent=361583"}],"wp:term":[{"taxonomy":"product_cat","embeddable":true,"href":"https:\/\/irankiuzona.lt\/ru\/wp-json\/wp\/v2\/product_cat?post=361583"},{"taxonomy":"product_tag","embeddable":true,"href":"https:\/\/irankiuzona.lt\/ru\/wp-json\/wp\/v2\/product_tag?post=361583"}],"curies":[{"name":"wp","href":"https:\/\/api.w.org\/{rel}","templated":true}]}}