{"id":361659,"date":"2024-10-05T04:45:23","date_gmt":"2024-10-05T04:45:23","guid":{"rendered":"https:\/\/irankiuzona.lt\/product\/rankinis-slegio-spaudimo-testavimo-irankis-su-pompa-2\/"},"modified":"2026-04-15T09:57:01","modified_gmt":"2026-04-15T09:57:01","slug":"rankinis-slegio-spaudimo-testavimo-irankis-su-pompa-2","status":"publish","type":"product","link":"https:\/\/irankiuzona.lt\/ru\/product\/rankinis-slegio-spaudimo-testavimo-irankis-su-pompa-2\/","title":{"rendered":"Rankinis sl\u0117gio\/spaudimo testavimo \u012frankis su pompa"},"content":{"rendered":"<p>Atliekant sl\u0117gio sandarumo bandymus vamzdyn\u0173 sistemose\u00a0(vandens, centrinio \u0161ildymo, suspausto oro, alyvos sistem\u0173)Sl\u0117gis: iki 25BarBako talpa: 4LtrSiurblio talpa: 13ml per cikl\u0105\u017darnos ilgis: 1m<\/p>","protected":false},"excerpt":{"rendered":"<p>Rankinis sl\u0117gio\/spaudimo testavimo \u012frankis su pompa<\/p>","protected":false},"featured_media":269365,"comment_status":"open","ping_status":"open","template":"","meta":[],"product_cat":[10024],"product_tag":[10151],"class_list":{"0":"post-361659","1":"product","2":"type-product","3":"status-publish","4":"has-post-thumbnail","6":"product_brand-lenkija-tiekejas","7":"product_cat-irankiai-santechnikui","8":"product_tag-lenkija-tiekejas","10":"first","11":"outofstock","12":"purchasable","13":"product-type-simple"},"jetpack_sharing_enabled":true,"_links":{"self":[{"href":"https:\/\/irankiuzona.lt\/ru\/wp-json\/wp\/v2\/product\/361659","targetHints":{"allow":["GET"]}}],"collection":[{"href":"https:\/\/irankiuzona.lt\/ru\/wp-json\/wp\/v2\/product"}],"about":[{"href":"https:\/\/irankiuzona.lt\/ru\/wp-json\/wp\/v2\/types\/product"}],"replies":[{"embeddable":true,"href":"https:\/\/irankiuzona.lt\/ru\/wp-json\/wp\/v2\/comments?post=361659"}],"version-history":[{"count":1,"href":"https:\/\/irankiuzona.lt\/ru\/wp-json\/wp\/v2\/product\/361659\/revisions"}],"predecessor-version":[{"id":424957,"href":"https:\/\/irankiuzona.lt\/ru\/wp-json\/wp\/v2\/product\/361659\/revisions\/424957"}],"wp:featuredmedia":[{"embeddable":true,"href":"https:\/\/irankiuzona.lt\/ru\/wp-json\/wp\/v2\/media\/269365"}],"wp:attachment":[{"href":"https:\/\/irankiuzona.lt\/ru\/wp-json\/wp\/v2\/media?parent=361659"}],"wp:term":[{"taxonomy":"product_cat","embeddable":true,"href":"https:\/\/irankiuzona.lt\/ru\/wp-json\/wp\/v2\/product_cat?post=361659"},{"taxonomy":"product_tag","embeddable":true,"href":"https:\/\/irankiuzona.lt\/ru\/wp-json\/wp\/v2\/product_tag?post=361659"}],"curies":[{"name":"wp","href":"https:\/\/api.w.org\/{rel}","templated":true}]}}