{"id":361707,"date":"2024-10-05T04:47:17","date_gmt":"2024-10-05T04:47:17","guid":{"rendered":"https:\/\/irankiuzona.lt\/product\/vezimelis-ratams-15t-jcb-2\/"},"modified":"2026-04-11T12:03:51","modified_gmt":"2026-04-11T12:03:51","slug":"vezimelis-ratams-15t-jcb-2","status":"publish","type":"product","link":"https:\/\/irankiuzona.lt\/ru\/product\/vezimelis-ratams-15t-jcb-2\/","title":{"rendered":"Ve\u017eim\u0117lis ratams 1,5T JCB"},"content":{"rendered":"<p>1,5 tonos hidraulinis automobili\u0173 rat\u0173 nu\u0117mimo ve\u017eim\u0117lisTvirtas rat\u0173 nu\u0117mimo ve\u017eim\u0117lis, skirtas greitai ir efektyviai nuimti ir pakeisti komercinius ir \u017eem\u0117s \u016bkio ratus360\u00b0 besisukantys ratai greitam ir lengvam transporto priemoni\u0173 manevravimuiReguliuojama atramin\u0117 rankena1,5 tonos maksimali keliamoji galiaMaksimalus k\u0117limo auk\u0161tis 750 mmMinimalus montuojamo rato skersmuo: 1000 mmMaksimalus montuojamo rato skersmuo 1800 mmMinimalus rato plotis: 180 mmMaksimalus rato plotis 810 mm<\/p>","protected":false},"excerpt":{"rendered":"<p>Ve\u017eim\u0117lis ratams 1,5T JCB<\/p>","protected":false},"featured_media":312023,"comment_status":"open","ping_status":"open","template":"","meta":[],"product_cat":[10066],"product_tag":[10143],"class_list":{"0":"post-361707","1":"product","2":"type-product","3":"status-publish","4":"has-post-thumbnail","6":"product_brand-jcb","7":"product_cat-automobiliu-transportavimo-vezimeliai","8":"product_tag-jcb","10":"first","11":"outofstock","12":"purchasable","13":"product-type-simple"},"jetpack_sharing_enabled":true,"_links":{"self":[{"href":"https:\/\/irankiuzona.lt\/ru\/wp-json\/wp\/v2\/product\/361707","targetHints":{"allow":["GET"]}}],"collection":[{"href":"https:\/\/irankiuzona.lt\/ru\/wp-json\/wp\/v2\/product"}],"about":[{"href":"https:\/\/irankiuzona.lt\/ru\/wp-json\/wp\/v2\/types\/product"}],"replies":[{"embeddable":true,"href":"https:\/\/irankiuzona.lt\/ru\/wp-json\/wp\/v2\/comments?post=361707"}],"version-history":[{"count":1,"href":"https:\/\/irankiuzona.lt\/ru\/wp-json\/wp\/v2\/product\/361707\/revisions"}],"predecessor-version":[{"id":425197,"href":"https:\/\/irankiuzona.lt\/ru\/wp-json\/wp\/v2\/product\/361707\/revisions\/425197"}],"wp:featuredmedia":[{"embeddable":true,"href":"https:\/\/irankiuzona.lt\/ru\/wp-json\/wp\/v2\/media\/312023"}],"wp:attachment":[{"href":"https:\/\/irankiuzona.lt\/ru\/wp-json\/wp\/v2\/media?parent=361707"}],"wp:term":[{"taxonomy":"product_cat","embeddable":true,"href":"https:\/\/irankiuzona.lt\/ru\/wp-json\/wp\/v2\/product_cat?post=361707"},{"taxonomy":"product_tag","embeddable":true,"href":"https:\/\/irankiuzona.lt\/ru\/wp-json\/wp\/v2\/product_tag?post=361707"}],"curies":[{"name":"wp","href":"https:\/\/api.w.org\/{rel}","templated":true}]}}