{"id":361719,"date":"2024-10-05T04:47:27","date_gmt":"2024-10-05T04:47:27","guid":{"rendered":"https:\/\/irankiuzona.lt\/product\/stabdzio-bugno-matuoklis-160-360mm-2\/"},"modified":"2026-04-21T14:57:47","modified_gmt":"2026-04-21T14:57:47","slug":"stabdzio-bugno-matuoklis-160-360mm-2","status":"publish","type":"product","link":"https:\/\/irankiuzona.lt\/ru\/product\/stabdzio-bugno-matuoklis-160-360mm-2\/","title":{"rendered":"Stabd\u017eio b\u016bgno matuoklis 160-360mm"},"content":{"rendered":"<p>Matavimo diapazonas: 160-360 mmMed\u017eiaga: anglinis plienas<\/p>","protected":false},"excerpt":{"rendered":"<p>Stabd\u017eio b\u016bgno matuoklis 160-360mm<\/p>","protected":false},"featured_media":325534,"comment_status":"open","ping_status":"open","template":"","meta":[],"product_cat":[9534],"product_tag":[10130],"class_list":{"0":"post-361719","1":"product","2":"type-product","3":"status-publish","4":"has-post-thumbnail","6":"product_brand-satra-lenkija","7":"product_cat-stabdziu-remonto-nuorinimo-irankiai","8":"product_tag-satra-lenkija","10":"first","11":"instock","12":"purchasable","13":"product-type-simple"},"jetpack_sharing_enabled":true,"_links":{"self":[{"href":"https:\/\/irankiuzona.lt\/ru\/wp-json\/wp\/v2\/product\/361719","targetHints":{"allow":["GET"]}}],"collection":[{"href":"https:\/\/irankiuzona.lt\/ru\/wp-json\/wp\/v2\/product"}],"about":[{"href":"https:\/\/irankiuzona.lt\/ru\/wp-json\/wp\/v2\/types\/product"}],"replies":[{"embeddable":true,"href":"https:\/\/irankiuzona.lt\/ru\/wp-json\/wp\/v2\/comments?post=361719"}],"version-history":[{"count":1,"href":"https:\/\/irankiuzona.lt\/ru\/wp-json\/wp\/v2\/product\/361719\/revisions"}],"predecessor-version":[{"id":425221,"href":"https:\/\/irankiuzona.lt\/ru\/wp-json\/wp\/v2\/product\/361719\/revisions\/425221"}],"wp:featuredmedia":[{"embeddable":true,"href":"https:\/\/irankiuzona.lt\/ru\/wp-json\/wp\/v2\/media\/325534"}],"wp:attachment":[{"href":"https:\/\/irankiuzona.lt\/ru\/wp-json\/wp\/v2\/media?parent=361719"}],"wp:term":[{"taxonomy":"product_cat","embeddable":true,"href":"https:\/\/irankiuzona.lt\/ru\/wp-json\/wp\/v2\/product_cat?post=361719"},{"taxonomy":"product_tag","embeddable":true,"href":"https:\/\/irankiuzona.lt\/ru\/wp-json\/wp\/v2\/product_tag?post=361719"}],"curies":[{"name":"wp","href":"https:\/\/api.w.org\/{rel}","templated":true}]}}