{"id":361725,"date":"2024-10-05T04:47:30","date_gmt":"2024-10-05T04:47:30","guid":{"rendered":"https:\/\/irankiuzona.lt\/product\/rato-guolio-surinkimo-irankis-galine-asis-vag-2\/"},"modified":"2026-04-13T22:42:49","modified_gmt":"2026-04-13T22:42:49","slug":"rato-guolio-surinkimo-irankis-galine-asis-vag-2","status":"publish","type":"product","link":"https:\/\/irankiuzona.lt\/ru\/product\/rato-guolio-surinkimo-irankis-galine-asis-vag-2\/","title":{"rendered":"Rato guolio surinkimo \u012frankis, galine a\u0161is, VAG"},"content":{"rendered":"<p>Audi: A1 (10-19), A2 (00-05), A3 (96-03), TT (98-06)Seat: Arosa (97-04), Ibiza (93-), Cordoba (96-09), Leon (99-06), Toledo (98-06)Skoda: Fabia (99-), Roomster (06-15), Oktavia (99-10)VW: Bora (98-05), Caddy (95-04), Fox (03-14), Golf (93-05), Lupo (98-05), Polo (94-)<\/p>","protected":false},"excerpt":{"rendered":"<p>Galvut\u0117 VAG galin\u0117s a\u0161ies guoliams<\/p>","protected":false},"featured_media":303763,"comment_status":"open","ping_status":"open","template":"","meta":[],"product_cat":[9731],"product_tag":[10130],"class_list":{"0":"post-361725","1":"product","2":"type-product","3":"status-publish","4":"has-post-thumbnail","6":"product_brand-satra-lenkija","7":"product_cat-guoliu-sailentbloku-presavimo-irankiai","8":"product_tag-satra-lenkija","10":"first","11":"instock","12":"purchasable","13":"product-type-simple"},"jetpack_sharing_enabled":true,"_links":{"self":[{"href":"https:\/\/irankiuzona.lt\/ru\/wp-json\/wp\/v2\/product\/361725","targetHints":{"allow":["GET"]}}],"collection":[{"href":"https:\/\/irankiuzona.lt\/ru\/wp-json\/wp\/v2\/product"}],"about":[{"href":"https:\/\/irankiuzona.lt\/ru\/wp-json\/wp\/v2\/types\/product"}],"replies":[{"embeddable":true,"href":"https:\/\/irankiuzona.lt\/ru\/wp-json\/wp\/v2\/comments?post=361725"}],"version-history":[{"count":1,"href":"https:\/\/irankiuzona.lt\/ru\/wp-json\/wp\/v2\/product\/361725\/revisions"}],"predecessor-version":[{"id":425227,"href":"https:\/\/irankiuzona.lt\/ru\/wp-json\/wp\/v2\/product\/361725\/revisions\/425227"}],"wp:featuredmedia":[{"embeddable":true,"href":"https:\/\/irankiuzona.lt\/ru\/wp-json\/wp\/v2\/media\/303763"}],"wp:attachment":[{"href":"https:\/\/irankiuzona.lt\/ru\/wp-json\/wp\/v2\/media?parent=361725"}],"wp:term":[{"taxonomy":"product_cat","embeddable":true,"href":"https:\/\/irankiuzona.lt\/ru\/wp-json\/wp\/v2\/product_cat?post=361725"},{"taxonomy":"product_tag","embeddable":true,"href":"https:\/\/irankiuzona.lt\/ru\/wp-json\/wp\/v2\/product_tag?post=361725"}],"curies":[{"name":"wp","href":"https:\/\/api.w.org\/{rel}","templated":true}]}}