{"id":361727,"date":"2024-10-05T04:47:32","date_gmt":"2024-10-05T04:47:32","guid":{"rendered":"https:\/\/irankiuzona.lt\/product\/nuemejas-pusmenulio-formos-30-50-mm-2\/"},"modified":"2026-04-15T09:57:34","modified_gmt":"2026-04-15T09:57:34","slug":"nuemejas-pusmenulio-formos-30-50-mm-2","status":"publish","type":"product","link":"https:\/\/irankiuzona.lt\/ru\/product\/nuemejas-pusmenulio-formos-30-50-mm-2\/","title":{"rendered":"Nu\u0117m\u0117jas pusm\u0117nulio formos 30-50 mm"},"content":{"rendered":"<p>Guoli\u0173 nu\u0117mimo \u012frankis 30-50mm<\/p>","protected":false},"excerpt":{"rendered":"<p>Nu\u0117m\u0117jas pusm\u0117nulio formos 30-50 mm<\/p>","protected":false},"featured_media":325541,"comment_status":"open","ping_status":"open","template":"","meta":[],"product_cat":[9536],"product_tag":[10130],"class_list":{"0":"post-361727","1":"product","2":"type-product","3":"status-publish","4":"has-post-thumbnail","6":"product_brand-satra-lenkija","7":"product_cat-lygiagretus-nuemejai-atskyrejai-pusmenuliai","8":"product_tag-satra-lenkija","10":"first","11":"instock","12":"purchasable","13":"product-type-simple"},"jetpack_sharing_enabled":true,"_links":{"self":[{"href":"https:\/\/irankiuzona.lt\/ru\/wp-json\/wp\/v2\/product\/361727","targetHints":{"allow":["GET"]}}],"collection":[{"href":"https:\/\/irankiuzona.lt\/ru\/wp-json\/wp\/v2\/product"}],"about":[{"href":"https:\/\/irankiuzona.lt\/ru\/wp-json\/wp\/v2\/types\/product"}],"replies":[{"embeddable":true,"href":"https:\/\/irankiuzona.lt\/ru\/wp-json\/wp\/v2\/comments?post=361727"}],"version-history":[{"count":1,"href":"https:\/\/irankiuzona.lt\/ru\/wp-json\/wp\/v2\/product\/361727\/revisions"}],"predecessor-version":[{"id":425231,"href":"https:\/\/irankiuzona.lt\/ru\/wp-json\/wp\/v2\/product\/361727\/revisions\/425231"}],"wp:featuredmedia":[{"embeddable":true,"href":"https:\/\/irankiuzona.lt\/ru\/wp-json\/wp\/v2\/media\/325541"}],"wp:attachment":[{"href":"https:\/\/irankiuzona.lt\/ru\/wp-json\/wp\/v2\/media?parent=361727"}],"wp:term":[{"taxonomy":"product_cat","embeddable":true,"href":"https:\/\/irankiuzona.lt\/ru\/wp-json\/wp\/v2\/product_cat?post=361727"},{"taxonomy":"product_tag","embeddable":true,"href":"https:\/\/irankiuzona.lt\/ru\/wp-json\/wp\/v2\/product_tag?post=361727"}],"curies":[{"name":"wp","href":"https:\/\/api.w.org\/{rel}","templated":true}]}}