{"id":361765,"date":"2024-10-05T04:49:17","date_gmt":"2024-10-05T04:49:17","guid":{"rendered":"https:\/\/irankiuzona.lt\/product\/stabdziu-nuorinimo-irankis-su-adapteriais-2\/"},"modified":"2026-04-14T22:37:00","modified_gmt":"2026-04-14T22:37:00","slug":"stabdziu-nuorinimo-irankis-su-adapteriais-2","status":"publish","type":"product","link":"https:\/\/irankiuzona.lt\/ru\/product\/stabdziu-nuorinimo-irankis-su-adapteriais-2\/","title":{"rendered":"Stabd\u017ei\u0173 nuorinimo \u012frankis su adapteriais"},"content":{"rendered":"<p>Darbinis sl\u0117gis: 10-40 PSI (0,7-2,8 baro)Oro s\u0105naudos: 127,43 l \/ min (4,5 CFM)Sl\u0117gio bako talpa: 10 litr\u0173Oro jungtis: 1\/4 &#8222;\u017darnos ilgis: 5,4 m<br \/>\nadapteriai stabd\u017ei\u0173 skys\u010dio rezervuarui &#8211; 8 vnt.universal\u016bs adapteriai &#8211; 3 vntpanaudoto stabd\u017ei\u0173 skys\u010dio talpykla su \u017earna ir guminiu adapteriu<\/p>","protected":false},"excerpt":{"rendered":"<p>Stabd\u017ei\u0173 nuorinimo \u012frankis su adapteriais<\/p>","protected":false},"featured_media":320847,"comment_status":"open","ping_status":"closed","template":"","meta":[],"product_cat":[9534],"product_tag":[10151],"class_list":{"0":"post-361765","1":"product","2":"type-product","3":"status-publish","4":"has-post-thumbnail","6":"product_brand-lenkija-tiekejas","7":"product_cat-stabdziu-remonto-nuorinimo-irankiai","8":"product_tag-lenkija-tiekejas","10":"first","11":"instock","12":"purchasable","13":"product-type-simple"},"jetpack_sharing_enabled":true,"_links":{"self":[{"href":"https:\/\/irankiuzona.lt\/ru\/wp-json\/wp\/v2\/product\/361765","targetHints":{"allow":["GET"]}}],"collection":[{"href":"https:\/\/irankiuzona.lt\/ru\/wp-json\/wp\/v2\/product"}],"about":[{"href":"https:\/\/irankiuzona.lt\/ru\/wp-json\/wp\/v2\/types\/product"}],"replies":[{"embeddable":true,"href":"https:\/\/irankiuzona.lt\/ru\/wp-json\/wp\/v2\/comments?post=361765"}],"version-history":[{"count":1,"href":"https:\/\/irankiuzona.lt\/ru\/wp-json\/wp\/v2\/product\/361765\/revisions"}],"predecessor-version":[{"id":425477,"href":"https:\/\/irankiuzona.lt\/ru\/wp-json\/wp\/v2\/product\/361765\/revisions\/425477"}],"wp:featuredmedia":[{"embeddable":true,"href":"https:\/\/irankiuzona.lt\/ru\/wp-json\/wp\/v2\/media\/320847"}],"wp:attachment":[{"href":"https:\/\/irankiuzona.lt\/ru\/wp-json\/wp\/v2\/media?parent=361765"}],"wp:term":[{"taxonomy":"product_cat","embeddable":true,"href":"https:\/\/irankiuzona.lt\/ru\/wp-json\/wp\/v2\/product_cat?post=361765"},{"taxonomy":"product_tag","embeddable":true,"href":"https:\/\/irankiuzona.lt\/ru\/wp-json\/wp\/v2\/product_tag?post=361765"}],"curies":[{"name":"wp","href":"https:\/\/api.w.org\/{rel}","templated":true}]}}