{"id":361781,"date":"2024-10-05T04:49:40","date_gmt":"2024-10-05T04:49:40","guid":{"rendered":"https:\/\/irankiuzona.lt\/product\/plastiko-suvirinimo-aparatas-70w-su-kabemis-2\/"},"modified":"2026-04-12T21:19:28","modified_gmt":"2026-04-12T21:19:28","slug":"plastiko-suvirinimo-aparatas-70w-su-kabemis-2","status":"publish","type":"product","link":"https:\/\/irankiuzona.lt\/ru\/product\/plastiko-suvirinimo-aparatas-70w-su-kabemis-2\/","title":{"rendered":"Plastiko suvirinimo aparatas 70W su kab\u0117mis"},"content":{"rendered":"<p>230V\/50Hz 40-70W<br \/>\nPlastiko suvirinimo aparato priekyje sumontuota LED lemput\u0117, palengvinanti remonto darbusPriedai: plastiko remonto rinkin\u012f sudaro 4 skirtingos suvirinimo kab\u0117s (lygios, banguotos, vidinio kampo ir i\u0161orinio kampo),\u0160is gaminys turi apsaugos nuo perkaitimo funkcij\u0105, perkait\u0119s nustos veikti, o atv\u0117s\u0119s veiks toliau<\/p>","protected":false},"excerpt":{"rendered":"<p>Plastiko suvirinimo aparatas 70W su kab\u0117mis<\/p>","protected":false},"featured_media":338618,"comment_status":"open","ping_status":"open","template":"","meta":[],"product_cat":[9878],"product_tag":[9435],"class_list":{"0":"post-361781","1":"product","2":"type-product","3":"status-publish","4":"has-post-thumbnail","6":"product_brand-kinija","7":"product_cat-plastmases-litavimas","8":"product_tag-kinija","10":"first","11":"outofstock","12":"purchasable","13":"product-type-simple"},"jetpack_sharing_enabled":true,"_links":{"self":[{"href":"https:\/\/irankiuzona.lt\/ru\/wp-json\/wp\/v2\/product\/361781","targetHints":{"allow":["GET"]}}],"collection":[{"href":"https:\/\/irankiuzona.lt\/ru\/wp-json\/wp\/v2\/product"}],"about":[{"href":"https:\/\/irankiuzona.lt\/ru\/wp-json\/wp\/v2\/types\/product"}],"replies":[{"embeddable":true,"href":"https:\/\/irankiuzona.lt\/ru\/wp-json\/wp\/v2\/comments?post=361781"}],"version-history":[{"count":1,"href":"https:\/\/irankiuzona.lt\/ru\/wp-json\/wp\/v2\/product\/361781\/revisions"}],"predecessor-version":[{"id":425562,"href":"https:\/\/irankiuzona.lt\/ru\/wp-json\/wp\/v2\/product\/361781\/revisions\/425562"}],"wp:featuredmedia":[{"embeddable":true,"href":"https:\/\/irankiuzona.lt\/ru\/wp-json\/wp\/v2\/media\/338618"}],"wp:attachment":[{"href":"https:\/\/irankiuzona.lt\/ru\/wp-json\/wp\/v2\/media?parent=361781"}],"wp:term":[{"taxonomy":"product_cat","embeddable":true,"href":"https:\/\/irankiuzona.lt\/ru\/wp-json\/wp\/v2\/product_cat?post=361781"},{"taxonomy":"product_tag","embeddable":true,"href":"https:\/\/irankiuzona.lt\/ru\/wp-json\/wp\/v2\/product_tag?post=361781"}],"curies":[{"name":"wp","href":"https:\/\/api.w.org\/{rel}","templated":true}]}}