{"id":361783,"date":"2024-10-05T04:49:45","date_gmt":"2024-10-05T04:49:45","guid":{"rendered":"https:\/\/irankiuzona.lt\/product\/hidraulinis-domkratas-25ton-90-400mm-plastikine-dezute\/"},"modified":"2026-04-20T11:42:00","modified_gmt":"2026-04-20T11:42:00","slug":"hidraulinis-domkratas-25ton-90-400mm-plastikine-dezute","status":"publish","type":"product","link":"https:\/\/irankiuzona.lt\/ru\/product\/hidraulinis-domkratas-25ton-90-400mm-plastikine-dezute\/","title":{"rendered":"Hidraulinis domkratas 2,5ton  90-400mm + plastikin\u0117 d\u0117\u017eut\u0117"},"content":{"rendered":"<p>k\u0117limo diapazonas &#8211; 90mm-400mmkeliamoji galia &#8211; 2,5 T<\/p>","protected":false},"excerpt":{"rendered":"<p>Hidraulinis domkratas 2,5ton\u00a0 90-400mm<br \/>\nPlastikin\u0117 d\u0117\u017eut\u0117<\/p>","protected":false},"featured_media":361785,"comment_status":"open","ping_status":"closed","template":"","meta":[],"product_cat":[9959],"product_tag":[10148],"class_list":{"0":"post-361783","1":"product","2":"type-product","3":"status-publish","4":"has-post-thumbnail","6":"product_brand-scheppach","7":"product_cat-domkratai-hidrauliniai","8":"product_tag-scheppach","10":"first","11":"instock","12":"purchasable","13":"product-type-simple"},"jetpack_sharing_enabled":true,"_links":{"self":[{"href":"https:\/\/irankiuzona.lt\/ru\/wp-json\/wp\/v2\/product\/361783","targetHints":{"allow":["GET"]}}],"collection":[{"href":"https:\/\/irankiuzona.lt\/ru\/wp-json\/wp\/v2\/product"}],"about":[{"href":"https:\/\/irankiuzona.lt\/ru\/wp-json\/wp\/v2\/types\/product"}],"replies":[{"embeddable":true,"href":"https:\/\/irankiuzona.lt\/ru\/wp-json\/wp\/v2\/comments?post=361783"}],"version-history":[{"count":1,"href":"https:\/\/irankiuzona.lt\/ru\/wp-json\/wp\/v2\/product\/361783\/revisions"}],"predecessor-version":[{"id":425573,"href":"https:\/\/irankiuzona.lt\/ru\/wp-json\/wp\/v2\/product\/361783\/revisions\/425573"}],"wp:featuredmedia":[{"embeddable":true,"href":"https:\/\/irankiuzona.lt\/ru\/wp-json\/wp\/v2\/media\/361785"}],"wp:attachment":[{"href":"https:\/\/irankiuzona.lt\/ru\/wp-json\/wp\/v2\/media?parent=361783"}],"wp:term":[{"taxonomy":"product_cat","embeddable":true,"href":"https:\/\/irankiuzona.lt\/ru\/wp-json\/wp\/v2\/product_cat?post=361783"},{"taxonomy":"product_tag","embeddable":true,"href":"https:\/\/irankiuzona.lt\/ru\/wp-json\/wp\/v2\/product_tag?post=361783"}],"curies":[{"name":"wp","href":"https:\/\/api.w.org\/{rel}","templated":true}]}}