{"id":361789,"date":"2024-10-05T04:49:49","date_gmt":"2024-10-05T04:49:49","guid":{"rendered":"https:\/\/irankiuzona.lt\/product\/smugine-galvute-ratams-su-apsauga-21-mm\/"},"modified":"2026-04-16T18:30:36","modified_gmt":"2026-04-16T18:30:36","slug":"smugine-galvute-ratams-su-apsauga-21-mm","status":"publish","type":"product","link":"https:\/\/irankiuzona.lt\/ru\/product\/smugine-galvute-ratams-su-apsauga-21-mm\/","title":{"rendered":"Sm\u016bgin\u0117 galvut\u0117 ratams su apsauga 21 mm"},"content":{"rendered":"<p>21 mm 1\/2&quot;<\/p>","protected":false},"excerpt":{"rendered":"<p>Sm\u016bgin\u0117 galvut\u0117 ratams su apsauga 21 mm<\/p>","protected":false},"featured_media":361791,"comment_status":"open","ping_status":"open","template":"","meta":[],"product_cat":[9492],"product_tag":[10143],"class_list":{"0":"post-361789","1":"product","2":"type-product","3":"status-publish","4":"has-post-thumbnail","6":"product_brand-jcb","7":"product_cat-ratu-varztams-galvutes-raktai-sepeciai","8":"product_tag-jcb","10":"first","11":"instock","12":"purchasable","13":"product-type-simple"},"jetpack_sharing_enabled":true,"_links":{"self":[{"href":"https:\/\/irankiuzona.lt\/ru\/wp-json\/wp\/v2\/product\/361789","targetHints":{"allow":["GET"]}}],"collection":[{"href":"https:\/\/irankiuzona.lt\/ru\/wp-json\/wp\/v2\/product"}],"about":[{"href":"https:\/\/irankiuzona.lt\/ru\/wp-json\/wp\/v2\/types\/product"}],"replies":[{"embeddable":true,"href":"https:\/\/irankiuzona.lt\/ru\/wp-json\/wp\/v2\/comments?post=361789"}],"version-history":[{"count":1,"href":"https:\/\/irankiuzona.lt\/ru\/wp-json\/wp\/v2\/product\/361789\/revisions"}],"predecessor-version":[{"id":425576,"href":"https:\/\/irankiuzona.lt\/ru\/wp-json\/wp\/v2\/product\/361789\/revisions\/425576"}],"wp:featuredmedia":[{"embeddable":true,"href":"https:\/\/irankiuzona.lt\/ru\/wp-json\/wp\/v2\/media\/361791"}],"wp:attachment":[{"href":"https:\/\/irankiuzona.lt\/ru\/wp-json\/wp\/v2\/media?parent=361789"}],"wp:term":[{"taxonomy":"product_cat","embeddable":true,"href":"https:\/\/irankiuzona.lt\/ru\/wp-json\/wp\/v2\/product_cat?post=361789"},{"taxonomy":"product_tag","embeddable":true,"href":"https:\/\/irankiuzona.lt\/ru\/wp-json\/wp\/v2\/product_tag?post=361789"}],"curies":[{"name":"wp","href":"https:\/\/api.w.org\/{rel}","templated":true}]}}