{"id":361798,"date":"2024-10-05T04:49:54","date_gmt":"2024-10-05T04:49:54","guid":{"rendered":"https:\/\/irankiuzona.lt\/product\/domkratas-hidraulinis-5ton-90-550mm\/"},"modified":"2026-04-12T21:19:30","modified_gmt":"2026-04-12T21:19:30","slug":"domkratas-hidraulinis-5ton-90-550mm","status":"publish","type":"product","link":"https:\/\/irankiuzona.lt\/ru\/product\/domkratas-hidraulinis-5ton-90-550mm\/","title":{"rendered":"Domkratas hidraulinis 5Ton 90-550mm"},"content":{"rendered":"<p>Privalumai:<br \/>\nGalima dirbti prie-20 \u00b0C temperat\u016brosPatogus ried\u0117jimas po pagrindu naudojant ratus;Nuimama rankena, kad b\u016bt\u0173 galima skland\u017eiai kelti su minimaliomis pastangomisDomkratas yra optimalus automobili\u0173 servisams ir padang\u0173 centrams.Domkrato elementai pagaminti i\u0161 itin tvirto ir patvaraus metalo.<br \/>\nSpecifikacijos:<br \/>\nMaks., apkrova 5TMin. k\u0117limo auk\u0161tis 90mmMaks. k\u0117limo auk\u0161tis 505mm\u017demo profilio dizainasGreitas pak\u0117limasDviej\u0173 st\u016bmokli\u0173Pasukami galiniai rataiilgis 68 cm<\/p>","protected":false},"excerpt":{"rendered":"<p>Domkratas hidraulinis 5Ton 90-550mm<\/p>","protected":false},"featured_media":354195,"comment_status":"open","ping_status":"closed","template":"","meta":[],"product_cat":[9959],"product_tag":[10143],"class_list":{"0":"post-361798","1":"product","2":"type-product","3":"status-publish","4":"has-post-thumbnail","6":"product_brand-jcb","7":"product_cat-domkratai-hidrauliniai","8":"product_tag-jcb","10":"first","11":"outofstock","12":"purchasable","13":"product-type-simple"},"jetpack_sharing_enabled":true,"_links":{"self":[{"href":"https:\/\/irankiuzona.lt\/ru\/wp-json\/wp\/v2\/product\/361798","targetHints":{"allow":["GET"]}}],"collection":[{"href":"https:\/\/irankiuzona.lt\/ru\/wp-json\/wp\/v2\/product"}],"about":[{"href":"https:\/\/irankiuzona.lt\/ru\/wp-json\/wp\/v2\/types\/product"}],"replies":[{"embeddable":true,"href":"https:\/\/irankiuzona.lt\/ru\/wp-json\/wp\/v2\/comments?post=361798"}],"version-history":[{"count":1,"href":"https:\/\/irankiuzona.lt\/ru\/wp-json\/wp\/v2\/product\/361798\/revisions"}],"predecessor-version":[{"id":425579,"href":"https:\/\/irankiuzona.lt\/ru\/wp-json\/wp\/v2\/product\/361798\/revisions\/425579"}],"wp:featuredmedia":[{"embeddable":true,"href":"https:\/\/irankiuzona.lt\/ru\/wp-json\/wp\/v2\/media\/354195"}],"wp:attachment":[{"href":"https:\/\/irankiuzona.lt\/ru\/wp-json\/wp\/v2\/media?parent=361798"}],"wp:term":[{"taxonomy":"product_cat","embeddable":true,"href":"https:\/\/irankiuzona.lt\/ru\/wp-json\/wp\/v2\/product_cat?post=361798"},{"taxonomy":"product_tag","embeddable":true,"href":"https:\/\/irankiuzona.lt\/ru\/wp-json\/wp\/v2\/product_tag?post=361798"}],"curies":[{"name":"wp","href":"https:\/\/api.w.org\/{rel}","templated":true}]}}