{"id":361806,"date":"2024-10-05T04:49:58","date_gmt":"2024-10-05T04:49:58","guid":{"rendered":"https:\/\/irankiuzona.lt\/product\/smugine-galvute-ratams-su-apsauga-17-mm\/"},"modified":"2026-04-15T13:33:30","modified_gmt":"2026-04-15T13:33:30","slug":"smugine-galvute-ratams-su-apsauga-17-mm","status":"publish","type":"product","link":"https:\/\/irankiuzona.lt\/ru\/product\/smugine-galvute-ratams-su-apsauga-17-mm\/","title":{"rendered":"Sm\u016bgin\u0117 galvut\u0117 ratams su apsauga 17 mm"},"content":{"rendered":"<p>17 mm 1\/2&quot;<\/p>","protected":false},"excerpt":{"rendered":"<p>Sm\u016bgin\u0117 galvut\u0117 ratams su apsauga 17 mm<\/p>","protected":false},"featured_media":361808,"comment_status":"open","ping_status":"open","template":"","meta":[],"product_cat":[9492],"product_tag":[10143],"class_list":{"0":"post-361806","1":"product","2":"type-product","3":"status-publish","4":"has-post-thumbnail","6":"product_brand-jcb","7":"product_cat-ratu-varztams-galvutes-raktai-sepeciai","8":"product_tag-jcb","10":"first","11":"instock","12":"purchasable","13":"product-type-simple"},"jetpack_sharing_enabled":true,"_links":{"self":[{"href":"https:\/\/irankiuzona.lt\/ru\/wp-json\/wp\/v2\/product\/361806","targetHints":{"allow":["GET"]}}],"collection":[{"href":"https:\/\/irankiuzona.lt\/ru\/wp-json\/wp\/v2\/product"}],"about":[{"href":"https:\/\/irankiuzona.lt\/ru\/wp-json\/wp\/v2\/types\/product"}],"replies":[{"embeddable":true,"href":"https:\/\/irankiuzona.lt\/ru\/wp-json\/wp\/v2\/comments?post=361806"}],"version-history":[{"count":1,"href":"https:\/\/irankiuzona.lt\/ru\/wp-json\/wp\/v2\/product\/361806\/revisions"}],"predecessor-version":[{"id":425582,"href":"https:\/\/irankiuzona.lt\/ru\/wp-json\/wp\/v2\/product\/361806\/revisions\/425582"}],"wp:featuredmedia":[{"embeddable":true,"href":"https:\/\/irankiuzona.lt\/ru\/wp-json\/wp\/v2\/media\/361808"}],"wp:attachment":[{"href":"https:\/\/irankiuzona.lt\/ru\/wp-json\/wp\/v2\/media?parent=361806"}],"wp:term":[{"taxonomy":"product_cat","embeddable":true,"href":"https:\/\/irankiuzona.lt\/ru\/wp-json\/wp\/v2\/product_cat?post=361806"},{"taxonomy":"product_tag","embeddable":true,"href":"https:\/\/irankiuzona.lt\/ru\/wp-json\/wp\/v2\/product_tag?post=361806"}],"curies":[{"name":"wp","href":"https:\/\/api.w.org\/{rel}","templated":true}]}}