{"id":361812,"date":"2024-10-05T04:50:01","date_gmt":"2024-10-05T04:50:01","guid":{"rendered":"https:\/\/irankiuzona.lt\/product\/smugine-galvute-ratams-su-apsauga-22-mm-2\/"},"modified":"2026-04-15T22:02:14","modified_gmt":"2026-04-15T22:02:14","slug":"smugine-galvute-ratams-su-apsauga-22-mm-2","status":"publish","type":"product","link":"https:\/\/irankiuzona.lt\/ru\/product\/smugine-galvute-ratams-su-apsauga-22-mm-2\/","title":{"rendered":"Sm\u016bgin\u0117 galvut\u0117 ratams su apsauga 22 mm"},"content":{"rendered":"<p>22 mm 1\/2&quot;<\/p>","protected":false},"excerpt":{"rendered":"<p>Sm\u016bgin\u0117 galvut\u0117 ratams su apsauga 22 mm<\/p>","protected":false},"featured_media":361814,"comment_status":"open","ping_status":"open","template":"","meta":[],"product_cat":[9492],"product_tag":[10143],"class_list":{"0":"post-361812","1":"product","2":"type-product","3":"status-publish","4":"has-post-thumbnail","6":"product_brand-jcb","7":"product_cat-ratu-varztams-galvutes-raktai-sepeciai","8":"product_tag-jcb","10":"first","11":"instock","12":"purchasable","13":"product-type-simple"},"jetpack_sharing_enabled":true,"_links":{"self":[{"href":"https:\/\/irankiuzona.lt\/ru\/wp-json\/wp\/v2\/product\/361812","targetHints":{"allow":["GET"]}}],"collection":[{"href":"https:\/\/irankiuzona.lt\/ru\/wp-json\/wp\/v2\/product"}],"about":[{"href":"https:\/\/irankiuzona.lt\/ru\/wp-json\/wp\/v2\/types\/product"}],"replies":[{"embeddable":true,"href":"https:\/\/irankiuzona.lt\/ru\/wp-json\/wp\/v2\/comments?post=361812"}],"version-history":[{"count":1,"href":"https:\/\/irankiuzona.lt\/ru\/wp-json\/wp\/v2\/product\/361812\/revisions"}],"predecessor-version":[{"id":425584,"href":"https:\/\/irankiuzona.lt\/ru\/wp-json\/wp\/v2\/product\/361812\/revisions\/425584"}],"wp:featuredmedia":[{"embeddable":true,"href":"https:\/\/irankiuzona.lt\/ru\/wp-json\/wp\/v2\/media\/361814"}],"wp:attachment":[{"href":"https:\/\/irankiuzona.lt\/ru\/wp-json\/wp\/v2\/media?parent=361812"}],"wp:term":[{"taxonomy":"product_cat","embeddable":true,"href":"https:\/\/irankiuzona.lt\/ru\/wp-json\/wp\/v2\/product_cat?post=361812"},{"taxonomy":"product_tag","embeddable":true,"href":"https:\/\/irankiuzona.lt\/ru\/wp-json\/wp\/v2\/product_tag?post=361812"}],"curies":[{"name":"wp","href":"https:\/\/api.w.org\/{rel}","templated":true}]}}