{"id":361936,"date":"2024-10-06T07:58:26","date_gmt":"2024-10-06T07:58:26","guid":{"rendered":"https:\/\/irankiuzona.lt\/product\/kilpiniu-raktu-komplektas-6-22-mm-8daliu\/"},"modified":"2026-04-11T10:18:43","modified_gmt":"2026-04-11T10:18:43","slug":"kilpiniu-raktu-komplektas-6-22-mm-8daliu","status":"publish","type":"product","link":"https:\/\/irankiuzona.lt\/ru\/product\/kilpiniu-raktu-komplektas-6-22-mm-8daliu\/","title":{"rendered":"Kilpini\u0173 rakt\u0173 komplektas (6-22 mm) \/ 8dali\u0173"},"content":{"rendered":"<p>Nepoliruoti \/\u00a0chrome vanadium steelKomplekte:\u00a06&#215;7 mm &#8211; 190 mm ilgio8x9 mm &#8211; 202 mm ilgio10x11 mm &#8211; 213 mm ilgio12x13 mm &#8211; 232 mm ilgio14x15 mm &#8211; 243 mm ilgio16x17 mm &#8211; 265 mm ilgio18x19 mm &#8211; 285 mm ilgio20x22 mm &#8211; 310 mm ilgio<\/p>","protected":false},"excerpt":{"rendered":"<p>Kilpini\u0173 rakt\u0173 komplektas (6-22 mm) paklod\u0117je \/ nepoliruoti<\/p>","protected":false},"featured_media":164393,"comment_status":"open","ping_status":"open","template":"","meta":[],"product_cat":[9520],"product_tag":[9462],"class_list":{"0":"post-361936","1":"product","2":"type-product","3":"status-publish","4":"has-post-thumbnail","6":"product_brand-condor-werkzeug-vokietija","7":"product_cat-kilpiniai-raktai-ju-komplektai","8":"product_tag-condor-werkzeug-vokietija","10":"first","11":"instock","12":"purchasable","13":"product-type-simple"},"jetpack_sharing_enabled":true,"_links":{"self":[{"href":"https:\/\/irankiuzona.lt\/ru\/wp-json\/wp\/v2\/product\/361936","targetHints":{"allow":["GET"]}}],"collection":[{"href":"https:\/\/irankiuzona.lt\/ru\/wp-json\/wp\/v2\/product"}],"about":[{"href":"https:\/\/irankiuzona.lt\/ru\/wp-json\/wp\/v2\/types\/product"}],"replies":[{"embeddable":true,"href":"https:\/\/irankiuzona.lt\/ru\/wp-json\/wp\/v2\/comments?post=361936"}],"version-history":[{"count":1,"href":"https:\/\/irankiuzona.lt\/ru\/wp-json\/wp\/v2\/product\/361936\/revisions"}],"predecessor-version":[{"id":408946,"href":"https:\/\/irankiuzona.lt\/ru\/wp-json\/wp\/v2\/product\/361936\/revisions\/408946"}],"wp:featuredmedia":[{"embeddable":true,"href":"https:\/\/irankiuzona.lt\/ru\/wp-json\/wp\/v2\/media\/164393"}],"wp:attachment":[{"href":"https:\/\/irankiuzona.lt\/ru\/wp-json\/wp\/v2\/media?parent=361936"}],"wp:term":[{"taxonomy":"product_cat","embeddable":true,"href":"https:\/\/irankiuzona.lt\/ru\/wp-json\/wp\/v2\/product_cat?post=361936"},{"taxonomy":"product_tag","embeddable":true,"href":"https:\/\/irankiuzona.lt\/ru\/wp-json\/wp\/v2\/product_tag?post=361936"}],"curies":[{"name":"wp","href":"https:\/\/api.w.org\/{rel}","templated":true}]}}