{"id":362014,"date":"2024-10-06T08:05:42","date_gmt":"2024-10-06T08:05:42","guid":{"rendered":"https:\/\/irankiuzona.lt\/product\/gelezte-tiesiniam-pjuklui-130mm\/"},"modified":"2026-04-15T02:46:29","modified_gmt":"2026-04-15T02:46:29","slug":"gelezte-tiesiniam-pjuklui-130mm","status":"publish","type":"product","link":"https:\/\/irankiuzona.lt\/ru\/product\/gelezte-tiesiniam-pjuklui-130mm\/","title":{"rendered":"Gele\u017et\u0117 tiesiniam pj\u016bklui 130mm"},"content":{"rendered":"<p>Darbinis ilgis 130mm<br \/>\n(\u0161iurk\u0161\u010diam ir greitam, lenktam pjovimui, mink\u0161tai \u017ealiai medienai)<\/p>","protected":false},"excerpt":{"rendered":"<p>Gele\u017et\u0117 tiesiniam pj\u016bklui 130mm<\/p>","protected":false},"featured_media":166811,"comment_status":"open","ping_status":"open","template":"","meta":[],"product_cat":[9624],"product_tag":[9478],"class_list":{"0":"post-362014","1":"product","2":"type-product","3":"status-publish","4":"has-post-thumbnail","6":"product_brand-leman-prancuzija","7":"product_cat-geleztes-medziui","8":"product_tag-leman-prancuzija","10":"first","11":"instock","12":"purchasable","13":"product-type-simple"},"jetpack_sharing_enabled":true,"_links":{"self":[{"href":"https:\/\/irankiuzona.lt\/ru\/wp-json\/wp\/v2\/product\/362014","targetHints":{"allow":["GET"]}}],"collection":[{"href":"https:\/\/irankiuzona.lt\/ru\/wp-json\/wp\/v2\/product"}],"about":[{"href":"https:\/\/irankiuzona.lt\/ru\/wp-json\/wp\/v2\/types\/product"}],"replies":[{"embeddable":true,"href":"https:\/\/irankiuzona.lt\/ru\/wp-json\/wp\/v2\/comments?post=362014"}],"version-history":[{"count":1,"href":"https:\/\/irankiuzona.lt\/ru\/wp-json\/wp\/v2\/product\/362014\/revisions"}],"predecessor-version":[{"id":410019,"href":"https:\/\/irankiuzona.lt\/ru\/wp-json\/wp\/v2\/product\/362014\/revisions\/410019"}],"wp:featuredmedia":[{"embeddable":true,"href":"https:\/\/irankiuzona.lt\/ru\/wp-json\/wp\/v2\/media\/166811"}],"wp:attachment":[{"href":"https:\/\/irankiuzona.lt\/ru\/wp-json\/wp\/v2\/media?parent=362014"}],"wp:term":[{"taxonomy":"product_cat","embeddable":true,"href":"https:\/\/irankiuzona.lt\/ru\/wp-json\/wp\/v2\/product_cat?post=362014"},{"taxonomy":"product_tag","embeddable":true,"href":"https:\/\/irankiuzona.lt\/ru\/wp-json\/wp\/v2\/product_tag?post=362014"}],"curies":[{"name":"wp","href":"https:\/\/api.w.org\/{rel}","templated":true}]}}