{"id":363952,"date":"2024-10-06T09:56:41","date_gmt":"2024-10-06T09:56:41","guid":{"rendered":"https:\/\/irankiuzona.lt\/product\/irankiu-komplektas-1-4-4-14-mm-46vnt\/"},"modified":"2024-11-01T00:00:15","modified_gmt":"2024-11-01T00:00:15","slug":"irankiu-komplektas-1-4-4-14-mm-46vnt","status":"publish","type":"product","link":"https:\/\/irankiuzona.lt\/ru\/product\/irankiu-komplektas-1-4-4-14-mm-46vnt\/","title":{"rendered":"\u012eranki\u0173 komplektas 1\/4&#8221; 4-14 mm  46vnt."},"content":{"rendered":"<p>Dydis 1\/4 &#8222;.<br \/>\nKomplektacija:<br \/>\n-1\/4&#8221; galvut\u0117s, trumpos, 25 mm: 4, 4.5, 5, 5.5, 6, 7, 8, 9, 10, 11, 12, 13, 14 mm;-Antgali\u0173 galvut\u0117s 1\/4 &#8222;HEX 35 mm: 3, 4, 5, 6, 7, 8 mm;-1\/4 &#8221; TORX 35 mm antgali\u0173 galvut\u0117s: T10, T15, T20, T25, T30, \u042240;-Antgali\u0173 galvut\u0117s 1\/4 &#8222;SL 35 mm: 4, 5.5, 7;-Antgali\u0173 galvut\u0117s 1\/4 &#8222;PH 35 mm: RN.1, RN.2, RN.3;-Antgali\u0173 galvut\u0117s 1\/4 &#8222;PZ 35 mm: PZ.1, PZ.2, PZ.3;-Terk\u0161l\u0117 1\/4 &#8222;;-Rankena 1\/4 &#8221; 150 mm;-Sustiprinta T formos pasukama rankena galvut\u0117ms;-1\/4 &#8222;&#8221; ilgintuvai: 50, 100 mm;-Lankstus ilgintuvas;-\u0160arnyrinis kardanas;-Adapteris suktuvui;-\u0160e\u0161iakampiai L formos raktai: 1.5, 2, 2.5.-Plastikinis d\u0117klas-lagaminas<\/p>","protected":false},"excerpt":{"rendered":"<p>\u012eranki\u0173 komplektas 1\/4&#8221; 4-14 mm\u00a0 46vnt.<\/p>","protected":false},"featured_media":363954,"comment_status":"open","ping_status":"closed","template":"","meta":[],"product_cat":[9495],"product_tag":[10151],"class_list":{"0":"post-363952","1":"product","2":"type-product","3":"status-publish","4":"has-post-thumbnail","6":"product_brand-lenkija-tiekejas","7":"product_cat-1-4-irankiu-komplektai","8":"product_tag-lenkija-tiekejas","10":"first","11":"instock","12":"purchasable","13":"product-type-simple"},"jetpack_sharing_enabled":true,"_links":{"self":[{"href":"https:\/\/irankiuzona.lt\/ru\/wp-json\/wp\/v2\/product\/363952","targetHints":{"allow":["GET"]}}],"collection":[{"href":"https:\/\/irankiuzona.lt\/ru\/wp-json\/wp\/v2\/product"}],"about":[{"href":"https:\/\/irankiuzona.lt\/ru\/wp-json\/wp\/v2\/types\/product"}],"replies":[{"embeddable":true,"href":"https:\/\/irankiuzona.lt\/ru\/wp-json\/wp\/v2\/comments?post=363952"}],"version-history":[{"count":0,"href":"https:\/\/irankiuzona.lt\/ru\/wp-json\/wp\/v2\/product\/363952\/revisions"}],"wp:featuredmedia":[{"embeddable":true,"href":"https:\/\/irankiuzona.lt\/ru\/wp-json\/wp\/v2\/media\/363954"}],"wp:attachment":[{"href":"https:\/\/irankiuzona.lt\/ru\/wp-json\/wp\/v2\/media?parent=363952"}],"wp:term":[{"taxonomy":"product_cat","embeddable":true,"href":"https:\/\/irankiuzona.lt\/ru\/wp-json\/wp\/v2\/product_cat?post=363952"},{"taxonomy":"product_tag","embeddable":true,"href":"https:\/\/irankiuzona.lt\/ru\/wp-json\/wp\/v2\/product_tag?post=363952"}],"curies":[{"name":"wp","href":"https:\/\/api.w.org\/{rel}","templated":true}]}}