{"id":363970,"date":"2024-10-06T09:56:51","date_gmt":"2024-10-06T09:56:51","guid":{"rendered":"https:\/\/irankiuzona.lt\/product\/galvute-dyzelino-purkstukams-27mm-su-ispjova\/"},"modified":"2026-05-16T21:37:40","modified_gmt":"2026-05-16T21:37:40","slug":"galvute-dyzelino-purkstukams-27mm-su-ispjova","status":"publish","type":"product","link":"https:\/\/irankiuzona.lt\/ru\/product\/galvute-dyzelino-purkstukams-27mm-su-ispjova\/","title":{"rendered":"Galvut\u0117 dyzelino purk\u0161tukams 27mm su i\u0161pjova"},"content":{"rendered":"<p>27mm<\/p>","protected":false},"excerpt":{"rendered":"<p>Galvut\u0117 dyzelino purk\u0161tukams 27mm su i\u0161pjova<\/p>","protected":false},"featured_media":363972,"comment_status":"open","ping_status":"open","template":"","meta":[],"product_cat":[9633],"product_tag":[10151],"class_list":{"0":"post-363970","1":"product","2":"type-product","3":"status-publish","4":"has-post-thumbnail","6":"product_brand-lenkija-tiekejas","7":"product_cat-galvutes-purkstukams","8":"product_tag-lenkija-tiekejas","10":"first","11":"outofstock","12":"purchasable","13":"product-type-simple"},"jetpack_sharing_enabled":true,"_links":{"self":[{"href":"https:\/\/irankiuzona.lt\/ru\/wp-json\/wp\/v2\/product\/363970","targetHints":{"allow":["GET"]}}],"collection":[{"href":"https:\/\/irankiuzona.lt\/ru\/wp-json\/wp\/v2\/product"}],"about":[{"href":"https:\/\/irankiuzona.lt\/ru\/wp-json\/wp\/v2\/types\/product"}],"replies":[{"embeddable":true,"href":"https:\/\/irankiuzona.lt\/ru\/wp-json\/wp\/v2\/comments?post=363970"}],"version-history":[{"count":1,"href":"https:\/\/irankiuzona.lt\/ru\/wp-json\/wp\/v2\/product\/363970\/revisions"}],"predecessor-version":[{"id":425610,"href":"https:\/\/irankiuzona.lt\/ru\/wp-json\/wp\/v2\/product\/363970\/revisions\/425610"}],"wp:featuredmedia":[{"embeddable":true,"href":"https:\/\/irankiuzona.lt\/ru\/wp-json\/wp\/v2\/media\/363972"}],"wp:attachment":[{"href":"https:\/\/irankiuzona.lt\/ru\/wp-json\/wp\/v2\/media?parent=363970"}],"wp:term":[{"taxonomy":"product_cat","embeddable":true,"href":"https:\/\/irankiuzona.lt\/ru\/wp-json\/wp\/v2\/product_cat?post=363970"},{"taxonomy":"product_tag","embeddable":true,"href":"https:\/\/irankiuzona.lt\/ru\/wp-json\/wp\/v2\/product_tag?post=363970"}],"curies":[{"name":"wp","href":"https:\/\/api.w.org\/{rel}","templated":true}]}}