{"id":363999,"date":"2024-10-06T09:57:07","date_gmt":"2024-10-06T09:57:07","guid":{"rendered":"https:\/\/irankiuzona.lt\/product\/dinamometrinis-raktas-1-4-226-226nm\/"},"modified":"2026-04-14T13:42:46","modified_gmt":"2026-04-14T13:42:46","slug":"dinamometrinis-raktas-1-4-226-226nm","status":"publish","type":"product","link":"https:\/\/irankiuzona.lt\/ru\/product\/dinamometrinis-raktas-1-4-226-226nm\/","title":{"rendered":"Dinamometrinis raktas 1\/4 2,26-22,6Nm"},"content":{"rendered":"<p>D\u0117\u017eut\u0117s spalva gali skirtis<br \/>\n1\/4<br \/>\n2,26-22,6Nm<\/p>","protected":false},"excerpt":{"rendered":"<p>Dinamometrinis raktas 1\/4 2,26-22,6Nm<\/p>","protected":false},"featured_media":364001,"comment_status":"open","ping_status":"closed","template":"","meta":[],"product_cat":[9524],"product_tag":[10151],"class_list":{"0":"post-363999","1":"product","2":"type-product","3":"status-publish","4":"has-post-thumbnail","6":"product_brand-lenkija-tiekejas","7":"product_cat-dinamometriniai-raktai","8":"product_tag-lenkija-tiekejas","10":"first","11":"instock","12":"purchasable","13":"product-type-simple"},"jetpack_sharing_enabled":true,"_links":{"self":[{"href":"https:\/\/irankiuzona.lt\/ru\/wp-json\/wp\/v2\/product\/363999","targetHints":{"allow":["GET"]}}],"collection":[{"href":"https:\/\/irankiuzona.lt\/ru\/wp-json\/wp\/v2\/product"}],"about":[{"href":"https:\/\/irankiuzona.lt\/ru\/wp-json\/wp\/v2\/types\/product"}],"replies":[{"embeddable":true,"href":"https:\/\/irankiuzona.lt\/ru\/wp-json\/wp\/v2\/comments?post=363999"}],"version-history":[{"count":1,"href":"https:\/\/irankiuzona.lt\/ru\/wp-json\/wp\/v2\/product\/363999\/revisions"}],"predecessor-version":[{"id":425624,"href":"https:\/\/irankiuzona.lt\/ru\/wp-json\/wp\/v2\/product\/363999\/revisions\/425624"}],"wp:featuredmedia":[{"embeddable":true,"href":"https:\/\/irankiuzona.lt\/ru\/wp-json\/wp\/v2\/media\/364001"}],"wp:attachment":[{"href":"https:\/\/irankiuzona.lt\/ru\/wp-json\/wp\/v2\/media?parent=363999"}],"wp:term":[{"taxonomy":"product_cat","embeddable":true,"href":"https:\/\/irankiuzona.lt\/ru\/wp-json\/wp\/v2\/product_cat?post=363999"},{"taxonomy":"product_tag","embeddable":true,"href":"https:\/\/irankiuzona.lt\/ru\/wp-json\/wp\/v2\/product_tag?post=363999"}],"curies":[{"name":"wp","href":"https:\/\/api.w.org\/{rel}","templated":true}]}}