{"id":367665,"date":"2024-10-08T13:43:49","date_gmt":"2024-10-08T13:43:49","guid":{"rendered":"https:\/\/irankiuzona.lt\/product\/akumuliatorinis-graveris-slifuoklis-su-greicio-valdymu-8v-2000mah-60vnt\/"},"modified":"2026-04-12T04:34:53","modified_gmt":"2026-04-12T04:34:53","slug":"akumuliatorinis-graveris-slifuoklis-su-greicio-valdymu-8v-2000mah-60vnt","status":"publish","type":"product","link":"https:\/\/irankiuzona.lt\/ru\/product\/akumuliatorinis-graveris-slifuoklis-su-greicio-valdymu-8v-2000mah-60vnt\/","title":{"rendered":"Akumuliatorinis graveris \u0161lifuoklis su grei\u010dio valdymu 8v\/2000mAh 60vnt"},"content":{"rendered":"<p>Tipas: daugiafunkcis \u0161lifuoklisMaitinimo tipas: baterijaMaitinimo \u012ftampa 8VMaksimalus sukimosi greitis 30000 RPMGrei\u010dio reguliatorius, transportavimo d\u0117klas, komplektuojami kei\u010diami priedai.<\/p>","protected":false},"excerpt":{"rendered":"<p>Akumuliatorinis graveris \u0161lifuoklis su grei\u010dio valdymu 8v\/2000mAh<\/p>","protected":false},"featured_media":367667,"comment_status":"open","ping_status":"open","template":"","meta":[],"product_cat":[9808],"product_tag":[9646],"class_list":{"0":"post-367665","1":"product","2":"type-product","3":"status-publish","4":"has-post-thumbnail","6":"product_brand-drel-lenkija","7":"product_cat-graveriai-preciziniai-mini-slifuokliai","8":"product_tag-drel-lenkija","10":"first","11":"instock","12":"purchasable","13":"product-type-simple"},"jetpack_sharing_enabled":true,"_links":{"self":[{"href":"https:\/\/irankiuzona.lt\/ru\/wp-json\/wp\/v2\/product\/367665","targetHints":{"allow":["GET"]}}],"collection":[{"href":"https:\/\/irankiuzona.lt\/ru\/wp-json\/wp\/v2\/product"}],"about":[{"href":"https:\/\/irankiuzona.lt\/ru\/wp-json\/wp\/v2\/types\/product"}],"replies":[{"embeddable":true,"href":"https:\/\/irankiuzona.lt\/ru\/wp-json\/wp\/v2\/comments?post=367665"}],"version-history":[{"count":1,"href":"https:\/\/irankiuzona.lt\/ru\/wp-json\/wp\/v2\/product\/367665\/revisions"}],"predecessor-version":[{"id":425506,"href":"https:\/\/irankiuzona.lt\/ru\/wp-json\/wp\/v2\/product\/367665\/revisions\/425506"}],"wp:featuredmedia":[{"embeddable":true,"href":"https:\/\/irankiuzona.lt\/ru\/wp-json\/wp\/v2\/media\/367667"}],"wp:attachment":[{"href":"https:\/\/irankiuzona.lt\/ru\/wp-json\/wp\/v2\/media?parent=367665"}],"wp:term":[{"taxonomy":"product_cat","embeddable":true,"href":"https:\/\/irankiuzona.lt\/ru\/wp-json\/wp\/v2\/product_cat?post=367665"},{"taxonomy":"product_tag","embeddable":true,"href":"https:\/\/irankiuzona.lt\/ru\/wp-json\/wp\/v2\/product_tag?post=367665"}],"curies":[{"name":"wp","href":"https:\/\/api.w.org\/{rel}","templated":true}]}}