{"id":367670,"date":"2024-10-08T13:44:04","date_gmt":"2024-10-08T13:44:04","guid":{"rendered":"https:\/\/irankiuzona.lt\/product\/pompa-vantuzas-kriaukles-sifonui-atkimsti\/"},"modified":"2026-04-14T14:51:18","modified_gmt":"2026-04-14T14:51:18","slug":"pompa-vantuzas-kriaukles-sifonui-atkimsti","status":"publish","type":"product","link":"https:\/\/irankiuzona.lt\/ru\/product\/pompa-vantuzas-kriaukles-sifonui-atkimsti\/","title":{"rendered":"Pompa-vantuzas kriaukl\u0117s sifonui atkim\u0161ti"},"content":{"rendered":"<p>\u012erankio tipas: mechaninis kanalizacijos valiklisNaudojimas: Praustuvai, kriaukl\u0117s, tualetai, vonios, du\u0161aiAdapteriai: 4 skirtingi adapteriai skirting\u0173 tip\u0173 kanalizacijaiKonstrukcija: patvarios med\u017eiagosErgonomi\u0161ka rankena patogiam valdymuiEkologi\u0161kas ir saugus sprendimas nenaudojant chemikal\u0173<\/p>","protected":false},"excerpt":{"rendered":"<p>Pompa-vantuzas kriaukl\u0117s sifonui atkim\u0161ti<\/p>","protected":false},"featured_media":367672,"comment_status":"open","ping_status":"open","template":"","meta":[],"product_cat":[9998],"product_tag":[9646],"class_list":{"0":"post-367670","1":"product","2":"type-product","3":"status-publish","4":"has-post-thumbnail","6":"product_brand-drel-lenkija","7":"product_cat-patalpu-remonto-irankiai-maisai-tentai-peiliukai-markeriai-izoliacines-juostos","8":"product_tag-drel-lenkija","10":"first","11":"outofstock","12":"purchasable","13":"product-type-simple"},"jetpack_sharing_enabled":true,"_links":{"self":[{"href":"https:\/\/irankiuzona.lt\/ru\/wp-json\/wp\/v2\/product\/367670","targetHints":{"allow":["GET"]}}],"collection":[{"href":"https:\/\/irankiuzona.lt\/ru\/wp-json\/wp\/v2\/product"}],"about":[{"href":"https:\/\/irankiuzona.lt\/ru\/wp-json\/wp\/v2\/types\/product"}],"replies":[{"embeddable":true,"href":"https:\/\/irankiuzona.lt\/ru\/wp-json\/wp\/v2\/comments?post=367670"}],"version-history":[{"count":1,"href":"https:\/\/irankiuzona.lt\/ru\/wp-json\/wp\/v2\/product\/367670\/revisions"}],"predecessor-version":[{"id":425531,"href":"https:\/\/irankiuzona.lt\/ru\/wp-json\/wp\/v2\/product\/367670\/revisions\/425531"}],"wp:featuredmedia":[{"embeddable":true,"href":"https:\/\/irankiuzona.lt\/ru\/wp-json\/wp\/v2\/media\/367672"}],"wp:attachment":[{"href":"https:\/\/irankiuzona.lt\/ru\/wp-json\/wp\/v2\/media?parent=367670"}],"wp:term":[{"taxonomy":"product_cat","embeddable":true,"href":"https:\/\/irankiuzona.lt\/ru\/wp-json\/wp\/v2\/product_cat?post=367670"},{"taxonomy":"product_tag","embeddable":true,"href":"https:\/\/irankiuzona.lt\/ru\/wp-json\/wp\/v2\/product_tag?post=367670"}],"curies":[{"name":"wp","href":"https:\/\/api.w.org\/{rel}","templated":true}]}}