{"id":367745,"date":"2024-10-10T00:00:11","date_gmt":"2024-10-10T00:00:11","guid":{"rendered":"https:\/\/irankiuzona.lt\/product\/freza-pirstukine-medziui-291348-mm-2\/"},"modified":"2026-05-10T08:28:32","modified_gmt":"2026-05-10T08:28:32","slug":"freza-pirstukine-medziui-291348-mm-2","status":"publish","type":"product","link":"https:\/\/irankiuzona.lt\/ru\/product\/freza-pirstukine-medziui-291348-mm-2\/","title":{"rendered":"Freza pir\u0161tukin\u0117 med\u017eiui 29*13*4*8 mm"},"content":{"rendered":"<p>Kotelio skersmuo 8 mm<br \/>\nFrezos skersmuo 29 mm<br \/>\nFrezos darbinis ilgis 13 mm<br \/>\nFrezos radius 4 \u2070<\/p>\n<p>2 flute bit. Decorative profile in wood guided by a ball bearing pilot<\/p>","protected":false},"excerpt":{"rendered":"<p>Med\u017eio pir\u0161tukin\u0117 freza\u00a029*13*4*8 mm<\/p>","protected":false},"featured_media":223166,"comment_status":"open","ping_status":"open","template":"","meta":[],"product_cat":[9458],"product_tag":[9478],"class_list":{"0":"post-367745","1":"product","2":"type-product","3":"status-publish","4":"has-post-thumbnail","6":"product_brand-leman-prancuzija","7":"product_cat-medzio-frezos","8":"product_tag-leman-prancuzija","10":"first","11":"instock","12":"purchasable","13":"product-type-simple"},"jetpack_sharing_enabled":true,"_links":{"self":[{"href":"https:\/\/irankiuzona.lt\/ru\/wp-json\/wp\/v2\/product\/367745","targetHints":{"allow":["GET"]}}],"collection":[{"href":"https:\/\/irankiuzona.lt\/ru\/wp-json\/wp\/v2\/product"}],"about":[{"href":"https:\/\/irankiuzona.lt\/ru\/wp-json\/wp\/v2\/types\/product"}],"replies":[{"embeddable":true,"href":"https:\/\/irankiuzona.lt\/ru\/wp-json\/wp\/v2\/comments?post=367745"}],"version-history":[{"count":1,"href":"https:\/\/irankiuzona.lt\/ru\/wp-json\/wp\/v2\/product\/367745\/revisions"}],"predecessor-version":[{"id":409854,"href":"https:\/\/irankiuzona.lt\/ru\/wp-json\/wp\/v2\/product\/367745\/revisions\/409854"}],"wp:featuredmedia":[{"embeddable":true,"href":"https:\/\/irankiuzona.lt\/ru\/wp-json\/wp\/v2\/media\/223166"}],"wp:attachment":[{"href":"https:\/\/irankiuzona.lt\/ru\/wp-json\/wp\/v2\/media?parent=367745"}],"wp:term":[{"taxonomy":"product_cat","embeddable":true,"href":"https:\/\/irankiuzona.lt\/ru\/wp-json\/wp\/v2\/product_cat?post=367745"},{"taxonomy":"product_tag","embeddable":true,"href":"https:\/\/irankiuzona.lt\/ru\/wp-json\/wp\/v2\/product_tag?post=367745"}],"curies":[{"name":"wp","href":"https:\/\/api.w.org\/{rel}","templated":true}]}}