{"id":367753,"date":"2024-10-10T00:00:15","date_gmt":"2024-10-10T00:00:15","guid":{"rendered":"https:\/\/irankiuzona.lt\/product\/transportavimo-vezimelis-300kg-2\/"},"modified":"2025-05-08T03:30:55","modified_gmt":"2025-05-08T03:30:55","slug":"transportavimo-vezimelis-300kg-2","status":"publish","type":"product","link":"https:\/\/irankiuzona.lt\/ru\/product\/transportavimo-vezimelis-300kg-2\/","title":{"rendered":"Transportavimo ve\u017eim\u0117lis 300kg"},"content":{"rendered":"<p>Su dideliais, pripu\u010diamais ratais\u00a0\u00d8 200mm\u00a0max. apkrova: 300kg i\u0161matavimai (LxWxH):\u00a0910x610x960mm\u00a0guminiai, pripu\u010diami ratukai \u00d8 200mm Platform hand truck with pneumatic tiresmax. capacity: 300kg dimensions (LxWxH): 910x610x960mm pneumatic tires \u00d8 200mm<\/p>","protected":false},"excerpt":{"rendered":"<p>Transportavimo ve\u017eim\u0117lis su dideliais ratukais iki 300kg<\/p>","protected":false},"featured_media":223486,"comment_status":"open","ping_status":"open","template":"","meta":[],"product_cat":[9670],"product_tag":[9476],"class_list":{"0":"post-367753","1":"product","2":"type-product","3":"status-publish","4":"has-post-thumbnail","6":"product_brand-erba-austrija","7":"product_cat-transportavimo-vezimai","8":"product_tag-erba-austrija","10":"first","11":"outofstock","12":"purchasable","13":"product-type-simple"},"jetpack_sharing_enabled":true,"_links":{"self":[{"href":"https:\/\/irankiuzona.lt\/ru\/wp-json\/wp\/v2\/product\/367753","targetHints":{"allow":["GET"]}}],"collection":[{"href":"https:\/\/irankiuzona.lt\/ru\/wp-json\/wp\/v2\/product"}],"about":[{"href":"https:\/\/irankiuzona.lt\/ru\/wp-json\/wp\/v2\/types\/product"}],"replies":[{"embeddable":true,"href":"https:\/\/irankiuzona.lt\/ru\/wp-json\/wp\/v2\/comments?post=367753"}],"version-history":[{"count":0,"href":"https:\/\/irankiuzona.lt\/ru\/wp-json\/wp\/v2\/product\/367753\/revisions"}],"wp:featuredmedia":[{"embeddable":true,"href":"https:\/\/irankiuzona.lt\/ru\/wp-json\/wp\/v2\/media\/223486"}],"wp:attachment":[{"href":"https:\/\/irankiuzona.lt\/ru\/wp-json\/wp\/v2\/media?parent=367753"}],"wp:term":[{"taxonomy":"product_cat","embeddable":true,"href":"https:\/\/irankiuzona.lt\/ru\/wp-json\/wp\/v2\/product_cat?post=367753"},{"taxonomy":"product_tag","embeddable":true,"href":"https:\/\/irankiuzona.lt\/ru\/wp-json\/wp\/v2\/product_tag?post=367753"}],"curies":[{"name":"wp","href":"https:\/\/api.w.org\/{rel}","templated":true}]}}