{"id":367812,"date":"2024-10-12T00:00:30","date_gmt":"2024-10-12T00:00:30","guid":{"rendered":"https:\/\/irankiuzona.lt\/product\/nuemejas-trikojis-100mm-2\/"},"modified":"2026-05-15T20:43:52","modified_gmt":"2026-05-15T20:43:52","slug":"nuemejas-trikojis-100mm-2","status":"publish","type":"product","link":"https:\/\/irankiuzona.lt\/ru\/product\/nuemejas-trikojis-100mm-2\/","title":{"rendered":"Nu\u0117m\u0117jas trikojis 100mm"},"content":{"rendered":"","protected":false},"excerpt":{"rendered":"<p>Nu\u0117m\u0117jas trikojis 100mm<\/p>","protected":false},"featured_media":235597,"comment_status":"open","ping_status":"open","template":"","meta":[],"product_cat":[9579],"product_tag":[9628],"class_list":{"0":"post-367812","1":"product","2":"type-product","3":"status-publish","4":"has-post-thumbnail","6":"product_brand-condor-lenkija","7":"product_cat-trikojai-nuemejai","8":"product_tag-condor-lenkija","10":"first","11":"instock","12":"purchasable","13":"product-type-simple"},"jetpack_sharing_enabled":true,"_links":{"self":[{"href":"https:\/\/irankiuzona.lt\/ru\/wp-json\/wp\/v2\/product\/367812","targetHints":{"allow":["GET"]}}],"collection":[{"href":"https:\/\/irankiuzona.lt\/ru\/wp-json\/wp\/v2\/product"}],"about":[{"href":"https:\/\/irankiuzona.lt\/ru\/wp-json\/wp\/v2\/types\/product"}],"replies":[{"embeddable":true,"href":"https:\/\/irankiuzona.lt\/ru\/wp-json\/wp\/v2\/comments?post=367812"}],"version-history":[{"count":1,"href":"https:\/\/irankiuzona.lt\/ru\/wp-json\/wp\/v2\/product\/367812\/revisions"}],"predecessor-version":[{"id":413469,"href":"https:\/\/irankiuzona.lt\/ru\/wp-json\/wp\/v2\/product\/367812\/revisions\/413469"}],"wp:featuredmedia":[{"embeddable":true,"href":"https:\/\/irankiuzona.lt\/ru\/wp-json\/wp\/v2\/media\/235597"}],"wp:attachment":[{"href":"https:\/\/irankiuzona.lt\/ru\/wp-json\/wp\/v2\/media?parent=367812"}],"wp:term":[{"taxonomy":"product_cat","embeddable":true,"href":"https:\/\/irankiuzona.lt\/ru\/wp-json\/wp\/v2\/product_cat?post=367812"},{"taxonomy":"product_tag","embeddable":true,"href":"https:\/\/irankiuzona.lt\/ru\/wp-json\/wp\/v2\/product_tag?post=367812"}],"curies":[{"name":"wp","href":"https:\/\/api.w.org\/{rel}","templated":true}]}}