{"id":367858,"date":"2024-10-12T00:00:45","date_gmt":"2024-10-12T00:00:45","guid":{"rendered":"https:\/\/irankiuzona.lt\/product\/itampos-indikatorius-500v-2\/"},"modified":"2026-05-15T01:31:52","modified_gmt":"2026-05-15T01:31:52","slug":"itampos-indikatorius-500v-2","status":"publish","type":"product","link":"https:\/\/irankiuzona.lt\/ru\/product\/itampos-indikatorius-500v-2\/","title":{"rendered":"\u012etampos indikatorius 500V"},"content":{"rendered":"<p>Skirtas aptikti elektros \u012ftamp\u0105 laiduose ir lizduose. Charakteristikos \u2013 matuoja kintamosios srov\u0117s \u012ftamp\u0105 nuo 100 V iki 500 V.<\/p>","protected":false},"excerpt":{"rendered":"<p>\u012etampos indikatorius 500V<\/p>","protected":false},"featured_media":236463,"comment_status":"open","ping_status":"open","template":"","meta":[],"product_cat":[9679],"product_tag":[9969],"class_list":{"0":"post-367858","1":"product","2":"type-product","3":"status-publish","4":"has-post-thumbnail","6":"product_brand-hogert-technik-vokietija","7":"product_cat-elektriko-testeriai-ivairus-matuokliai","8":"product_tag-hogert-technik-vokietija","10":"first","11":"instock","12":"purchasable","13":"product-type-simple"},"jetpack_sharing_enabled":true,"_links":{"self":[{"href":"https:\/\/irankiuzona.lt\/ru\/wp-json\/wp\/v2\/product\/367858","targetHints":{"allow":["GET"]}}],"collection":[{"href":"https:\/\/irankiuzona.lt\/ru\/wp-json\/wp\/v2\/product"}],"about":[{"href":"https:\/\/irankiuzona.lt\/ru\/wp-json\/wp\/v2\/types\/product"}],"replies":[{"embeddable":true,"href":"https:\/\/irankiuzona.lt\/ru\/wp-json\/wp\/v2\/comments?post=367858"}],"version-history":[{"count":1,"href":"https:\/\/irankiuzona.lt\/ru\/wp-json\/wp\/v2\/product\/367858\/revisions"}],"predecessor-version":[{"id":413731,"href":"https:\/\/irankiuzona.lt\/ru\/wp-json\/wp\/v2\/product\/367858\/revisions\/413731"}],"wp:featuredmedia":[{"embeddable":true,"href":"https:\/\/irankiuzona.lt\/ru\/wp-json\/wp\/v2\/media\/236463"}],"wp:attachment":[{"href":"https:\/\/irankiuzona.lt\/ru\/wp-json\/wp\/v2\/media?parent=367858"}],"wp:term":[{"taxonomy":"product_cat","embeddable":true,"href":"https:\/\/irankiuzona.lt\/ru\/wp-json\/wp\/v2\/product_cat?post=367858"},{"taxonomy":"product_tag","embeddable":true,"href":"https:\/\/irankiuzona.lt\/ru\/wp-json\/wp\/v2\/product_tag?post=367858"}],"curies":[{"name":"wp","href":"https:\/\/api.w.org\/{rel}","templated":true}]}}