{"id":367866,"date":"2024-10-12T00:00:52","date_gmt":"2024-10-12T00:00:52","guid":{"rendered":"https:\/\/irankiuzona.lt\/product\/pistoletas-montazinems-putoms-profi-2\/"},"modified":"2026-04-03T15:39:19","modified_gmt":"2026-04-03T15:39:19","slug":"pistoletas-montazinems-putoms-profi-2","status":"publish","type":"product","link":"https:\/\/irankiuzona.lt\/ru\/product\/pistoletas-montazinems-putoms-profi-2\/","title":{"rendered":"Pistoletas monta\u017ein\u0117ms putoms, profi"},"content":{"rendered":"<p>Pistoletas pagamintas i\u0161 \u012frankinio plieno<br \/>\nPut\u0173 dozavimo ranken\u0117l\u0117 su dideliu tikslumu<br \/>\nPatogi, ergonomi\u0161ka plieno rankena<br \/>\nTeflonu padengtas sriegis, skirtas lengvai pistoleto valymui<br \/>\nPistoletas skirtas naudoti vienkomponent\u0117s putos, tiekiamos sl\u0117gio induose.<br \/>\nVienas i\u0161 geriausi\u0173 putplas\u010dio aplikatori\u0173 rinkoje<\/p>","protected":false},"excerpt":{"rendered":"<p>Pistoletas monta\u017ein\u0117ms putoms, profi<\/p>","protected":false},"featured_media":237043,"comment_status":"open","ping_status":"open","template":"","meta":[],"product_cat":[9477],"product_tag":[9716],"class_list":{"0":"post-367866","1":"product","2":"type-product","3":"status-publish","4":"has-post-thumbnail","6":"product_brand-jufisto-lenkija","7":"product_cat-pistoletai-silikonui-hermetikui-montavimo-putoms","8":"product_tag-jufisto-lenkija","10":"first","11":"instock","12":"purchasable","13":"product-type-simple"},"jetpack_sharing_enabled":true,"_links":{"self":[{"href":"https:\/\/irankiuzona.lt\/ru\/wp-json\/wp\/v2\/product\/367866","targetHints":{"allow":["GET"]}}],"collection":[{"href":"https:\/\/irankiuzona.lt\/ru\/wp-json\/wp\/v2\/product"}],"about":[{"href":"https:\/\/irankiuzona.lt\/ru\/wp-json\/wp\/v2\/types\/product"}],"replies":[{"embeddable":true,"href":"https:\/\/irankiuzona.lt\/ru\/wp-json\/wp\/v2\/comments?post=367866"}],"version-history":[{"count":0,"href":"https:\/\/irankiuzona.lt\/ru\/wp-json\/wp\/v2\/product\/367866\/revisions"}],"wp:featuredmedia":[{"embeddable":true,"href":"https:\/\/irankiuzona.lt\/ru\/wp-json\/wp\/v2\/media\/237043"}],"wp:attachment":[{"href":"https:\/\/irankiuzona.lt\/ru\/wp-json\/wp\/v2\/media?parent=367866"}],"wp:term":[{"taxonomy":"product_cat","embeddable":true,"href":"https:\/\/irankiuzona.lt\/ru\/wp-json\/wp\/v2\/product_cat?post=367866"},{"taxonomy":"product_tag","embeddable":true,"href":"https:\/\/irankiuzona.lt\/ru\/wp-json\/wp\/v2\/product_tag?post=367866"}],"curies":[{"name":"wp","href":"https:\/\/api.w.org\/{rel}","templated":true}]}}