{"id":367868,"date":"2024-10-12T00:00:54","date_gmt":"2024-10-12T00:00:54","guid":{"rendered":"https:\/\/irankiuzona.lt\/product\/tepaline-200ml-2\/"},"modified":"2026-05-09T14:04:43","modified_gmt":"2026-05-09T14:04:43","slug":"tepaline-200ml-2","status":"publish","type":"product","link":"https:\/\/irankiuzona.lt\/ru\/product\/tepaline-200ml-2\/","title":{"rendered":"Tepalin\u0117 200ml"},"content":{"rendered":"<p>Rankin\u0117 tepalin\u0117 skirta tepti mechanizmams. Atsparus alyvai, benzinui ir r\u016bg\u0161tims.<\/p>","protected":false},"excerpt":{"rendered":"<p>Tepalin\u0117 200ml<\/p>","protected":false},"featured_media":237239,"comment_status":"open","ping_status":"open","template":"","meta":[],"product_cat":[9687],"product_tag":[9969],"class_list":{"0":"post-367868","1":"product","2":"type-product","3":"status-publish","4":"has-post-thumbnail","6":"product_brand-hogert-technik-vokietija","7":"product_cat-indai-eksploataciniams-skysciams-piltuvai-tepalines","8":"product_tag-hogert-technik-vokietija","10":"first","11":"instock","12":"purchasable","13":"product-type-simple"},"jetpack_sharing_enabled":true,"_links":{"self":[{"href":"https:\/\/irankiuzona.lt\/ru\/wp-json\/wp\/v2\/product\/367868","targetHints":{"allow":["GET"]}}],"collection":[{"href":"https:\/\/irankiuzona.lt\/ru\/wp-json\/wp\/v2\/product"}],"about":[{"href":"https:\/\/irankiuzona.lt\/ru\/wp-json\/wp\/v2\/types\/product"}],"replies":[{"embeddable":true,"href":"https:\/\/irankiuzona.lt\/ru\/wp-json\/wp\/v2\/comments?post=367868"}],"version-history":[{"count":1,"href":"https:\/\/irankiuzona.lt\/ru\/wp-json\/wp\/v2\/product\/367868\/revisions"}],"predecessor-version":[{"id":413985,"href":"https:\/\/irankiuzona.lt\/ru\/wp-json\/wp\/v2\/product\/367868\/revisions\/413985"}],"wp:featuredmedia":[{"embeddable":true,"href":"https:\/\/irankiuzona.lt\/ru\/wp-json\/wp\/v2\/media\/237239"}],"wp:attachment":[{"href":"https:\/\/irankiuzona.lt\/ru\/wp-json\/wp\/v2\/media?parent=367868"}],"wp:term":[{"taxonomy":"product_cat","embeddable":true,"href":"https:\/\/irankiuzona.lt\/ru\/wp-json\/wp\/v2\/product_cat?post=367868"},{"taxonomy":"product_tag","embeddable":true,"href":"https:\/\/irankiuzona.lt\/ru\/wp-json\/wp\/v2\/product_tag?post=367868"}],"curies":[{"name":"wp","href":"https:\/\/api.w.org\/{rel}","templated":true}]}}