{"id":367870,"date":"2024-10-12T00:00:55","date_gmt":"2024-10-12T00:00:55","guid":{"rendered":"https:\/\/irankiuzona.lt\/product\/dilde-medziui-plokscia-200-mm-2\/"},"modified":"2026-05-06T20:40:58","modified_gmt":"2026-05-06T20:40:58","slug":"dilde-medziui-plokscia-200-mm-2","status":"publish","type":"product","link":"https:\/\/irankiuzona.lt\/ru\/product\/dilde-medziui-plokscia-200-mm-2\/","title":{"rendered":"Dild\u0117 med\u017eiui plok\u0161\u010dia 200 mm"},"content":{"rendered":"<p>Ilgis 200 mm<\/p>","protected":false},"excerpt":{"rendered":"<p>Dild\u0117 med\u017eiui plok\u0161\u010dia 200 mm<\/p>","protected":false},"featured_media":237284,"comment_status":"open","ping_status":"open","template":"","meta":[],"product_cat":[9917],"product_tag":[9969],"class_list":{"0":"post-367870","1":"product","2":"type-product","3":"status-publish","4":"has-post-thumbnail","6":"product_brand-hogert-technik-vokietija","7":"product_cat-medzio-dildes","8":"product_tag-hogert-technik-vokietija","10":"first","11":"instock","12":"purchasable","13":"product-type-simple"},"jetpack_sharing_enabled":true,"_links":{"self":[{"href":"https:\/\/irankiuzona.lt\/ru\/wp-json\/wp\/v2\/product\/367870","targetHints":{"allow":["GET"]}}],"collection":[{"href":"https:\/\/irankiuzona.lt\/ru\/wp-json\/wp\/v2\/product"}],"about":[{"href":"https:\/\/irankiuzona.lt\/ru\/wp-json\/wp\/v2\/types\/product"}],"replies":[{"embeddable":true,"href":"https:\/\/irankiuzona.lt\/ru\/wp-json\/wp\/v2\/comments?post=367870"}],"version-history":[{"count":1,"href":"https:\/\/irankiuzona.lt\/ru\/wp-json\/wp\/v2\/product\/367870\/revisions"}],"predecessor-version":[{"id":414000,"href":"https:\/\/irankiuzona.lt\/ru\/wp-json\/wp\/v2\/product\/367870\/revisions\/414000"}],"wp:featuredmedia":[{"embeddable":true,"href":"https:\/\/irankiuzona.lt\/ru\/wp-json\/wp\/v2\/media\/237284"}],"wp:attachment":[{"href":"https:\/\/irankiuzona.lt\/ru\/wp-json\/wp\/v2\/media?parent=367870"}],"wp:term":[{"taxonomy":"product_cat","embeddable":true,"href":"https:\/\/irankiuzona.lt\/ru\/wp-json\/wp\/v2\/product_cat?post=367870"},{"taxonomy":"product_tag","embeddable":true,"href":"https:\/\/irankiuzona.lt\/ru\/wp-json\/wp\/v2\/product_tag?post=367870"}],"curies":[{"name":"wp","href":"https:\/\/api.w.org\/{rel}","templated":true}]}}