{"id":367882,"date":"2024-10-12T00:01:03","date_gmt":"2024-10-12T00:01:03","guid":{"rendered":"https:\/\/irankiuzona.lt\/product\/stiklo-pjovimo-irankis-4\/"},"modified":"2026-05-15T21:40:29","modified_gmt":"2026-05-15T21:40:29","slug":"stiklo-pjovimo-irankis-4","status":"publish","type":"product","link":"https:\/\/irankiuzona.lt\/ru\/product\/stiklo-pjovimo-irankis-4\/","title":{"rendered":"Stiklo pjovimo \u012frankis"},"content":{"rendered":"<p>Pjoviklis stiklams ir veidrod\u017eiams pjauti. Reguliuojamas pjovimo gylis, galvut\u0117 su \u017ealvario lau\u017eymo dantukais.<\/p>","protected":false},"excerpt":{"rendered":"<p>Stiklo pjovimo \u012frankis<\/p>","protected":false},"featured_media":237973,"comment_status":"open","ping_status":"open","template":"","meta":[],"product_cat":[9455],"product_tag":[9969],"class_list":{"0":"post-367882","1":"product","2":"type-product","3":"status-publish","4":"has-post-thumbnail","6":"product_brand-hogert-technik-vokietija","7":"product_cat-irankiai-plytelems-stiklui-laminatui","8":"product_tag-hogert-technik-vokietija","10":"first","11":"instock","12":"purchasable","13":"product-type-simple"},"jetpack_sharing_enabled":true,"_links":{"self":[{"href":"https:\/\/irankiuzona.lt\/ru\/wp-json\/wp\/v2\/product\/367882","targetHints":{"allow":["GET"]}}],"collection":[{"href":"https:\/\/irankiuzona.lt\/ru\/wp-json\/wp\/v2\/product"}],"about":[{"href":"https:\/\/irankiuzona.lt\/ru\/wp-json\/wp\/v2\/types\/product"}],"replies":[{"embeddable":true,"href":"https:\/\/irankiuzona.lt\/ru\/wp-json\/wp\/v2\/comments?post=367882"}],"version-history":[{"count":1,"href":"https:\/\/irankiuzona.lt\/ru\/wp-json\/wp\/v2\/product\/367882\/revisions"}],"predecessor-version":[{"id":414205,"href":"https:\/\/irankiuzona.lt\/ru\/wp-json\/wp\/v2\/product\/367882\/revisions\/414205"}],"wp:featuredmedia":[{"embeddable":true,"href":"https:\/\/irankiuzona.lt\/ru\/wp-json\/wp\/v2\/media\/237973"}],"wp:attachment":[{"href":"https:\/\/irankiuzona.lt\/ru\/wp-json\/wp\/v2\/media?parent=367882"}],"wp:term":[{"taxonomy":"product_cat","embeddable":true,"href":"https:\/\/irankiuzona.lt\/ru\/wp-json\/wp\/v2\/product_cat?post=367882"},{"taxonomy":"product_tag","embeddable":true,"href":"https:\/\/irankiuzona.lt\/ru\/wp-json\/wp\/v2\/product_tag?post=367882"}],"curies":[{"name":"wp","href":"https:\/\/api.w.org\/{rel}","templated":true}]}}