{"id":367886,"date":"2024-10-12T00:01:05","date_gmt":"2024-10-12T00:01:05","guid":{"rendered":"https:\/\/irankiuzona.lt\/product\/terkslinis-raktas-13mm-vartomu-galu-2\/"},"modified":"2026-05-13T16:36:43","modified_gmt":"2026-05-13T16:36:43","slug":"terkslinis-raktas-13mm-vartomu-galu-2","status":"publish","type":"product","link":"https:\/\/irankiuzona.lt\/ru\/product\/terkslinis-raktas-13mm-vartomu-galu-2\/","title":{"rendered":"Terk\u0161linis raktas 13mm vartomu galu"},"content":{"rendered":"<p>Lankstomas terk\u0161linis raktas 13mm72 dantuk\u017339-41 HRC<\/p>","protected":false},"excerpt":{"rendered":"<p>Kardaninis terk\u0161linis raktas 13mm<\/p>","protected":false},"featured_media":238070,"comment_status":"open","ping_status":"open","template":"","meta":[],"product_cat":[9622],"product_tag":[9898],"class_list":{"0":"post-367886","1":"product","2":"type-product","3":"status-publish","4":"has-post-thumbnail","6":"product_brand-avtodelo","7":"product_cat-lankstomi-terksliniai-raktai","8":"product_tag-avtodelo","10":"first","11":"outofstock","12":"purchasable","13":"product-type-simple"},"jetpack_sharing_enabled":true,"_links":{"self":[{"href":"https:\/\/irankiuzona.lt\/ru\/wp-json\/wp\/v2\/product\/367886","targetHints":{"allow":["GET"]}}],"collection":[{"href":"https:\/\/irankiuzona.lt\/ru\/wp-json\/wp\/v2\/product"}],"about":[{"href":"https:\/\/irankiuzona.lt\/ru\/wp-json\/wp\/v2\/types\/product"}],"replies":[{"embeddable":true,"href":"https:\/\/irankiuzona.lt\/ru\/wp-json\/wp\/v2\/comments?post=367886"}],"version-history":[{"count":1,"href":"https:\/\/irankiuzona.lt\/ru\/wp-json\/wp\/v2\/product\/367886\/revisions"}],"predecessor-version":[{"id":414227,"href":"https:\/\/irankiuzona.lt\/ru\/wp-json\/wp\/v2\/product\/367886\/revisions\/414227"}],"wp:featuredmedia":[{"embeddable":true,"href":"https:\/\/irankiuzona.lt\/ru\/wp-json\/wp\/v2\/media\/238070"}],"wp:attachment":[{"href":"https:\/\/irankiuzona.lt\/ru\/wp-json\/wp\/v2\/media?parent=367886"}],"wp:term":[{"taxonomy":"product_cat","embeddable":true,"href":"https:\/\/irankiuzona.lt\/ru\/wp-json\/wp\/v2\/product_cat?post=367886"},{"taxonomy":"product_tag","embeddable":true,"href":"https:\/\/irankiuzona.lt\/ru\/wp-json\/wp\/v2\/product_tag?post=367886"}],"curies":[{"name":"wp","href":"https:\/\/api.w.org\/{rel}","templated":true}]}}