{"id":367890,"date":"2024-10-12T00:01:06","date_gmt":"2024-10-12T00:01:06","guid":{"rendered":"https:\/\/irankiuzona.lt\/product\/dilde-medziui-pusapvale-200-mm-2\/"},"modified":"2026-05-13T17:36:02","modified_gmt":"2026-05-13T17:36:02","slug":"dilde-medziui-pusapvale-200-mm-2","status":"publish","type":"product","link":"https:\/\/irankiuzona.lt\/ru\/product\/dilde-medziui-pusapvale-200-mm-2\/","title":{"rendered":"Dild\u0117 med\u017eiui pusapval\u0117 200 mm"},"content":{"rendered":"<p>Ilgis 200 mm<\/p>","protected":false},"excerpt":{"rendered":"<p>Dild\u0117 med\u017eiui pusapval\u0117 200 mm<\/p>","protected":false},"featured_media":238185,"comment_status":"open","ping_status":"open","template":"","meta":[],"product_cat":[9917],"product_tag":[9969],"class_list":{"0":"post-367890","1":"product","2":"type-product","3":"status-publish","4":"has-post-thumbnail","6":"product_brand-hogert-technik-vokietija","7":"product_cat-medzio-dildes","8":"product_tag-hogert-technik-vokietija","10":"first","11":"instock","12":"purchasable","13":"product-type-simple"},"jetpack_sharing_enabled":true,"_links":{"self":[{"href":"https:\/\/irankiuzona.lt\/ru\/wp-json\/wp\/v2\/product\/367890","targetHints":{"allow":["GET"]}}],"collection":[{"href":"https:\/\/irankiuzona.lt\/ru\/wp-json\/wp\/v2\/product"}],"about":[{"href":"https:\/\/irankiuzona.lt\/ru\/wp-json\/wp\/v2\/types\/product"}],"replies":[{"embeddable":true,"href":"https:\/\/irankiuzona.lt\/ru\/wp-json\/wp\/v2\/comments?post=367890"}],"version-history":[{"count":1,"href":"https:\/\/irankiuzona.lt\/ru\/wp-json\/wp\/v2\/product\/367890\/revisions"}],"predecessor-version":[{"id":414265,"href":"https:\/\/irankiuzona.lt\/ru\/wp-json\/wp\/v2\/product\/367890\/revisions\/414265"}],"wp:featuredmedia":[{"embeddable":true,"href":"https:\/\/irankiuzona.lt\/ru\/wp-json\/wp\/v2\/media\/238185"}],"wp:attachment":[{"href":"https:\/\/irankiuzona.lt\/ru\/wp-json\/wp\/v2\/media?parent=367890"}],"wp:term":[{"taxonomy":"product_cat","embeddable":true,"href":"https:\/\/irankiuzona.lt\/ru\/wp-json\/wp\/v2\/product_cat?post=367890"},{"taxonomy":"product_tag","embeddable":true,"href":"https:\/\/irankiuzona.lt\/ru\/wp-json\/wp\/v2\/product_tag?post=367890"}],"curies":[{"name":"wp","href":"https:\/\/api.w.org\/{rel}","templated":true}]}}