{"id":367951,"date":"2024-10-13T00:00:23","date_gmt":"2024-10-13T00:00:23","guid":{"rendered":"https:\/\/irankiuzona.lt\/product\/reples-jungciu-uzspaudimui-neizoliuotiems-laidams-2\/"},"modified":"2026-04-10T05:19:33","modified_gmt":"2026-04-10T05:19:33","slug":"reples-jungciu-uzspaudimui-neizoliuotiems-laidams-2","status":"publish","type":"product","link":"https:\/\/irankiuzona.lt\/ru\/product\/reples-jungciu-uzspaudimui-neizoliuotiems-laidams-2\/","title":{"rendered":"Repl\u0117s jung\u010di\u0173 u\u017espaudimui neizoliuotiems laidams"},"content":{"rendered":"<p>Pagamintos i\u0161 auk\u0161tos kokyb\u0117s ner\u016bdijan\u010dio plieno. laid\u0173 gnybt\u0173 dyd\u017eiams nuo 1,5 iki 6,0 mm2 (16-10 AWG). Su u\u017eraktu, u\u017etikrinan\u010diu tiksl\u0173 gnybt\u0173 u\u017espaudim\u0105. patogios ir lengvos. patogus naudojimas ir saugus sukibimas.<\/p>","protected":false},"excerpt":{"rendered":"<p>Repl\u0117s jung\u010di\u0173 u\u017espaudimui neizoliuotiems laidams<\/p>","protected":false},"featured_media":238908,"comment_status":"open","ping_status":"open","template":"","meta":[],"product_cat":[9984],"product_tag":[9969],"class_list":{"0":"post-367951","1":"product","2":"type-product","3":"status-publish","4":"has-post-thumbnail","6":"product_brand-hogert-technik-vokietija","7":"product_cat-elektriko-irankiai","8":"product_tag-hogert-technik-vokietija","10":"first","11":"instock","12":"purchasable","13":"product-type-simple"},"jetpack_sharing_enabled":true,"_links":{"self":[{"href":"https:\/\/irankiuzona.lt\/ru\/wp-json\/wp\/v2\/product\/367951","targetHints":{"allow":["GET"]}}],"collection":[{"href":"https:\/\/irankiuzona.lt\/ru\/wp-json\/wp\/v2\/product"}],"about":[{"href":"https:\/\/irankiuzona.lt\/ru\/wp-json\/wp\/v2\/types\/product"}],"replies":[{"embeddable":true,"href":"https:\/\/irankiuzona.lt\/ru\/wp-json\/wp\/v2\/comments?post=367951"}],"version-history":[{"count":1,"href":"https:\/\/irankiuzona.lt\/ru\/wp-json\/wp\/v2\/product\/367951\/revisions"}],"predecessor-version":[{"id":414497,"href":"https:\/\/irankiuzona.lt\/ru\/wp-json\/wp\/v2\/product\/367951\/revisions\/414497"}],"wp:featuredmedia":[{"embeddable":true,"href":"https:\/\/irankiuzona.lt\/ru\/wp-json\/wp\/v2\/media\/238908"}],"wp:attachment":[{"href":"https:\/\/irankiuzona.lt\/ru\/wp-json\/wp\/v2\/media?parent=367951"}],"wp:term":[{"taxonomy":"product_cat","embeddable":true,"href":"https:\/\/irankiuzona.lt\/ru\/wp-json\/wp\/v2\/product_cat?post=367951"},{"taxonomy":"product_tag","embeddable":true,"href":"https:\/\/irankiuzona.lt\/ru\/wp-json\/wp\/v2\/product_tag?post=367951"}],"curies":[{"name":"wp","href":"https:\/\/api.w.org\/{rel}","templated":true}]}}