{"id":367989,"date":"2024-10-13T00:00:33","date_gmt":"2024-10-13T00:00:33","guid":{"rendered":"https:\/\/irankiuzona.lt\/product\/reples-znyples-varztams-600-mm-2\/"},"modified":"2026-04-15T14:12:59","modified_gmt":"2026-04-15T14:12:59","slug":"reples-znyples-varztams-600-mm-2","status":"publish","type":"product","link":"https:\/\/irankiuzona.lt\/ru\/product\/reples-znyples-varztams-600-mm-2\/","title":{"rendered":"Repl\u0117s \/ \u017enypl\u0117s var\u017etams 600 mm"},"content":{"rendered":"<p>&#8211; galvut\u0117 pagaminta i\u0161 auk\u0161tos kokyb\u0117s chromo-vanad\u017eio (CrV) legiruoto plieno<br \/>\n&#8211; indukciniu b\u016bdu gr\u016bdintos pjovimo briaunos, kuri\u0173 kietumas 54-56 HRC<br \/>\n&#8211; reguliuojami \u017eandikauliai<br \/>\n&#8211; dviej\u0173 med\u017eiag\u0173, specialios formos, neslystanti rankena patogiam sukibimui ir naudojimui<\/p>","protected":false},"excerpt":{"rendered":"<p>Repl\u0117s \/ \u017enypl\u0117s var\u017etams 600 mm<\/p>","protected":false},"featured_media":239578,"comment_status":"open","ping_status":"open","template":"","meta":[],"product_cat":[9995],"product_tag":[9969],"class_list":{"0":"post-367989","1":"product","2":"type-product","3":"status-publish","4":"has-post-thumbnail","6":"product_brand-hogert-technik-vokietija","7":"product_cat-reples-repliu-komplektai-zirkles-skardai-specializuotos-reples","8":"product_tag-hogert-technik-vokietija","10":"first","11":"outofstock","12":"purchasable","13":"product-type-simple"},"jetpack_sharing_enabled":true,"_links":{"self":[{"href":"https:\/\/irankiuzona.lt\/ru\/wp-json\/wp\/v2\/product\/367989","targetHints":{"allow":["GET"]}}],"collection":[{"href":"https:\/\/irankiuzona.lt\/ru\/wp-json\/wp\/v2\/product"}],"about":[{"href":"https:\/\/irankiuzona.lt\/ru\/wp-json\/wp\/v2\/types\/product"}],"replies":[{"embeddable":true,"href":"https:\/\/irankiuzona.lt\/ru\/wp-json\/wp\/v2\/comments?post=367989"}],"version-history":[{"count":1,"href":"https:\/\/irankiuzona.lt\/ru\/wp-json\/wp\/v2\/product\/367989\/revisions"}],"predecessor-version":[{"id":414724,"href":"https:\/\/irankiuzona.lt\/ru\/wp-json\/wp\/v2\/product\/367989\/revisions\/414724"}],"wp:featuredmedia":[{"embeddable":true,"href":"https:\/\/irankiuzona.lt\/ru\/wp-json\/wp\/v2\/media\/239578"}],"wp:attachment":[{"href":"https:\/\/irankiuzona.lt\/ru\/wp-json\/wp\/v2\/media?parent=367989"}],"wp:term":[{"taxonomy":"product_cat","embeddable":true,"href":"https:\/\/irankiuzona.lt\/ru\/wp-json\/wp\/v2\/product_cat?post=367989"},{"taxonomy":"product_tag","embeddable":true,"href":"https:\/\/irankiuzona.lt\/ru\/wp-json\/wp\/v2\/product_tag?post=367989"}],"curies":[{"name":"wp","href":"https:\/\/api.w.org\/{rel}","templated":true}]}}