{"id":368110,"date":"2024-10-14T00:00:12","date_gmt":"2024-10-14T00:00:12","guid":{"rendered":"https:\/\/irankiuzona.lt\/product\/graztas-granitui-o8mm-120-mm-2\/"},"modified":"2025-04-10T11:25:46","modified_gmt":"2025-04-10T11:25:46","slug":"graztas-granitui-o8mm-120-mm-2","status":"publish","type":"product","link":"https:\/\/irankiuzona.lt\/ru\/product\/graztas-granitui-o8mm-120-mm-2\/","title":{"rendered":"Gr\u0105\u017etas granitui \u00d88mm \/ 120 mm"},"content":{"rendered":"<p>Diametras &#8211; 8 mmIlgis &#8211; 120 mm Darbinis ilgis &#8211; 72 mm<\/p>","protected":false},"excerpt":{"rendered":"<p>Gr\u0105\u017etas granitui \u00d88mm \/ 120 mm ilgio<\/p>","protected":false},"featured_media":242087,"comment_status":"open","ping_status":"open","template":"","meta":[],"product_cat":[10025],"product_tag":[9716],"class_list":{"0":"post-368110","1":"product","2":"type-product","3":"status-publish","4":"has-post-thumbnail","6":"product_brand-jufisto-lenkija","7":"product_cat-graztai-granitui","8":"product_tag-jufisto-lenkija","10":"first","11":"instock","12":"purchasable","13":"product-type-simple"},"jetpack_sharing_enabled":true,"_links":{"self":[{"href":"https:\/\/irankiuzona.lt\/ru\/wp-json\/wp\/v2\/product\/368110","targetHints":{"allow":["GET"]}}],"collection":[{"href":"https:\/\/irankiuzona.lt\/ru\/wp-json\/wp\/v2\/product"}],"about":[{"href":"https:\/\/irankiuzona.lt\/ru\/wp-json\/wp\/v2\/types\/product"}],"replies":[{"embeddable":true,"href":"https:\/\/irankiuzona.lt\/ru\/wp-json\/wp\/v2\/comments?post=368110"}],"version-history":[{"count":0,"href":"https:\/\/irankiuzona.lt\/ru\/wp-json\/wp\/v2\/product\/368110\/revisions"}],"wp:featuredmedia":[{"embeddable":true,"href":"https:\/\/irankiuzona.lt\/ru\/wp-json\/wp\/v2\/media\/242087"}],"wp:attachment":[{"href":"https:\/\/irankiuzona.lt\/ru\/wp-json\/wp\/v2\/media?parent=368110"}],"wp:term":[{"taxonomy":"product_cat","embeddable":true,"href":"https:\/\/irankiuzona.lt\/ru\/wp-json\/wp\/v2\/product_cat?post=368110"},{"taxonomy":"product_tag","embeddable":true,"href":"https:\/\/irankiuzona.lt\/ru\/wp-json\/wp\/v2\/product_tag?post=368110"}],"curies":[{"name":"wp","href":"https:\/\/api.w.org\/{rel}","templated":true}]}}