{"id":368144,"date":"2024-10-14T00:00:27","date_gmt":"2024-10-14T00:00:27","guid":{"rendered":"https:\/\/irankiuzona.lt\/product\/reples-soninio-kandimo-znyples-160mm-3\/"},"modified":"2026-05-15T21:44:04","modified_gmt":"2026-05-15T21:44:04","slug":"reples-soninio-kandimo-znyples-160mm-3","status":"publish","type":"product","link":"https:\/\/irankiuzona.lt\/ru\/product\/reples-soninio-kandimo-znyples-160mm-3\/","title":{"rendered":"Repl\u0117s \u0161oninio kandimo, \u017enypl\u0117s 160mm"},"content":{"rendered":"<p>Made by hot stamping (forging hammers).<br \/>\nMaterial \u2013 chrome-vanadium tool steel 50CRV.<br \/>\nHardened to hardness 41-46 HRC.<br \/>\nCutting edges are induction hardened to 55-58 HRC.<br \/>\nEquipped with comfortable ergonomic two-component handles.<br \/>\nProtected from corrosion by phosphatizing with additional grinding.<\/p>","protected":false},"excerpt":{"rendered":"<p>Repl\u0117s \u0161oninio kandimo, \u017enypl\u0117s 160mm \/ AVTODELO-pro<\/p>","protected":false},"featured_media":243400,"comment_status":"open","ping_status":"open","template":"","meta":[],"product_cat":[9661],"product_tag":[9898],"class_list":{"0":"post-368144","1":"product","2":"type-product","3":"status-publish","4":"has-post-thumbnail","6":"product_brand-avtodelo","7":"product_cat-reples-soninio-kandimo-znyples-trosui","8":"product_tag-avtodelo","10":"first","11":"outofstock","12":"purchasable","13":"product-type-simple"},"jetpack_sharing_enabled":true,"_links":{"self":[{"href":"https:\/\/irankiuzona.lt\/ru\/wp-json\/wp\/v2\/product\/368144","targetHints":{"allow":["GET"]}}],"collection":[{"href":"https:\/\/irankiuzona.lt\/ru\/wp-json\/wp\/v2\/product"}],"about":[{"href":"https:\/\/irankiuzona.lt\/ru\/wp-json\/wp\/v2\/types\/product"}],"replies":[{"embeddable":true,"href":"https:\/\/irankiuzona.lt\/ru\/wp-json\/wp\/v2\/comments?post=368144"}],"version-history":[{"count":1,"href":"https:\/\/irankiuzona.lt\/ru\/wp-json\/wp\/v2\/product\/368144\/revisions"}],"predecessor-version":[{"id":415812,"href":"https:\/\/irankiuzona.lt\/ru\/wp-json\/wp\/v2\/product\/368144\/revisions\/415812"}],"wp:featuredmedia":[{"embeddable":true,"href":"https:\/\/irankiuzona.lt\/ru\/wp-json\/wp\/v2\/media\/243400"}],"wp:attachment":[{"href":"https:\/\/irankiuzona.lt\/ru\/wp-json\/wp\/v2\/media?parent=368144"}],"wp:term":[{"taxonomy":"product_cat","embeddable":true,"href":"https:\/\/irankiuzona.lt\/ru\/wp-json\/wp\/v2\/product_cat?post=368144"},{"taxonomy":"product_tag","embeddable":true,"href":"https:\/\/irankiuzona.lt\/ru\/wp-json\/wp\/v2\/product_tag?post=368144"}],"curies":[{"name":"wp","href":"https:\/\/api.w.org\/{rel}","templated":true}]}}