{"id":368196,"date":"2024-10-14T00:00:37","date_gmt":"2024-10-14T00:00:37","guid":{"rendered":"https:\/\/irankiuzona.lt\/product\/odinis-dirzas-irankiams-2\/"},"modified":"2026-04-07T12:50:29","modified_gmt":"2026-04-07T12:50:29","slug":"odinis-dirzas-irankiams-2","status":"publish","type":"product","link":"https:\/\/irankiuzona.lt\/ru\/product\/odinis-dirzas-irankiams-2\/","title":{"rendered":"Odinis dir\u017eas \u012frankiams"},"content":{"rendered":"","protected":false},"excerpt":{"rendered":"<p>Odinis dir\u017eas \u012frankiams<\/p>","protected":false},"featured_media":243784,"comment_status":"open","ping_status":"open","template":"","meta":[],"product_cat":[9831],"product_tag":[9646],"class_list":{"0":"post-368196","1":"product","2":"type-product","3":"status-publish","4":"has-post-thumbnail","6":"product_brand-drel-lenkija","7":"product_cat-irankiu-dezes-krepsiai-kuprines-dirzai","8":"product_tag-drel-lenkija","10":"first","11":"instock","12":"purchasable","13":"product-type-simple"},"jetpack_sharing_enabled":true,"_links":{"self":[{"href":"https:\/\/irankiuzona.lt\/ru\/wp-json\/wp\/v2\/product\/368196","targetHints":{"allow":["GET"]}}],"collection":[{"href":"https:\/\/irankiuzona.lt\/ru\/wp-json\/wp\/v2\/product"}],"about":[{"href":"https:\/\/irankiuzona.lt\/ru\/wp-json\/wp\/v2\/types\/product"}],"replies":[{"embeddable":true,"href":"https:\/\/irankiuzona.lt\/ru\/wp-json\/wp\/v2\/comments?post=368196"}],"version-history":[{"count":0,"href":"https:\/\/irankiuzona.lt\/ru\/wp-json\/wp\/v2\/product\/368196\/revisions"}],"wp:featuredmedia":[{"embeddable":true,"href":"https:\/\/irankiuzona.lt\/ru\/wp-json\/wp\/v2\/media\/243784"}],"wp:attachment":[{"href":"https:\/\/irankiuzona.lt\/ru\/wp-json\/wp\/v2\/media?parent=368196"}],"wp:term":[{"taxonomy":"product_cat","embeddable":true,"href":"https:\/\/irankiuzona.lt\/ru\/wp-json\/wp\/v2\/product_cat?post=368196"},{"taxonomy":"product_tag","embeddable":true,"href":"https:\/\/irankiuzona.lt\/ru\/wp-json\/wp\/v2\/product_tag?post=368196"}],"curies":[{"name":"wp","href":"https:\/\/api.w.org\/{rel}","templated":true}]}}