{"id":368218,"date":"2024-10-14T00:00:42","date_gmt":"2024-10-14T00:00:42","guid":{"rendered":"https:\/\/irankiuzona.lt\/product\/slifavimo-padas-greztuvui-125-mm-2\/"},"modified":"2026-04-04T19:45:33","modified_gmt":"2026-04-04T19:45:33","slug":"slifavimo-padas-greztuvui-125-mm-2","status":"publish","type":"product","link":"https:\/\/irankiuzona.lt\/ru\/product\/slifavimo-padas-greztuvui-125-mm-2\/","title":{"rendered":"\u0160lifavimo padas gr\u0119\u017etuvui 125 mm"},"content":{"rendered":"","protected":false},"excerpt":{"rendered":"<p>\u0160lifavimo padas 125 mm<\/p>","protected":false},"featured_media":244014,"comment_status":"open","ping_status":"open","template":"","meta":[],"product_cat":[9474],"product_tag":[9628],"class_list":{"0":"post-368218","1":"product","2":"type-product","3":"status-publish","4":"has-post-thumbnail","6":"product_brand-condor-lenkija","7":"product_cat-slifavimo-padai","8":"product_tag-condor-lenkija","10":"first","11":"outofstock","12":"purchasable","13":"product-type-simple"},"jetpack_sharing_enabled":true,"_links":{"self":[{"href":"https:\/\/irankiuzona.lt\/ru\/wp-json\/wp\/v2\/product\/368218","targetHints":{"allow":["GET"]}}],"collection":[{"href":"https:\/\/irankiuzona.lt\/ru\/wp-json\/wp\/v2\/product"}],"about":[{"href":"https:\/\/irankiuzona.lt\/ru\/wp-json\/wp\/v2\/types\/product"}],"replies":[{"embeddable":true,"href":"https:\/\/irankiuzona.lt\/ru\/wp-json\/wp\/v2\/comments?post=368218"}],"version-history":[{"count":0,"href":"https:\/\/irankiuzona.lt\/ru\/wp-json\/wp\/v2\/product\/368218\/revisions"}],"wp:featuredmedia":[{"embeddable":true,"href":"https:\/\/irankiuzona.lt\/ru\/wp-json\/wp\/v2\/media\/244014"}],"wp:attachment":[{"href":"https:\/\/irankiuzona.lt\/ru\/wp-json\/wp\/v2\/media?parent=368218"}],"wp:term":[{"taxonomy":"product_cat","embeddable":true,"href":"https:\/\/irankiuzona.lt\/ru\/wp-json\/wp\/v2\/product_cat?post=368218"},{"taxonomy":"product_tag","embeddable":true,"href":"https:\/\/irankiuzona.lt\/ru\/wp-json\/wp\/v2\/product_tag?post=368218"}],"curies":[{"name":"wp","href":"https:\/\/api.w.org\/{rel}","templated":true}]}}