{"id":368222,"date":"2024-10-14T00:00:43","date_gmt":"2024-10-14T00:00:43","guid":{"rendered":"https:\/\/irankiuzona.lt\/product\/terksle-1-cr-mo-24dantu-510mm-2\/"},"modified":"2026-04-21T14:27:26","modified_gmt":"2026-04-21T14:27:26","slug":"terksle-1-cr-mo-24dantu-510mm-2","status":"publish","type":"product","link":"https:\/\/irankiuzona.lt\/ru\/product\/terksle-1-cr-mo-24dantu-510mm-2\/","title":{"rendered":"Terk\u0161l\u0117 1&#8221; Cr-Mo 24dant\u0173 \/ 510mm"},"content":{"rendered":"<p>Lizdas: 1&quot;Ilgis: 510mm24 dant\u0173<\/p>","protected":false},"excerpt":{"rendered":"<p>Terk\u0161l\u0117 1&#8221; Cr-Mo 24dant\u0173 \/ 510mm ilgio<\/p>","protected":false},"featured_media":244073,"comment_status":"open","ping_status":"open","template":"","meta":[],"product_cat":[9507],"product_tag":[9898],"class_list":{"0":"post-368222","1":"product","2":"type-product","3":"status-publish","4":"has-post-thumbnail","6":"product_brand-avtodelo","7":"product_cat-terksles-galvutems","8":"product_tag-avtodelo","10":"first","11":"outofstock","12":"purchasable","13":"product-type-simple"},"jetpack_sharing_enabled":true,"_links":{"self":[{"href":"https:\/\/irankiuzona.lt\/ru\/wp-json\/wp\/v2\/product\/368222","targetHints":{"allow":["GET"]}}],"collection":[{"href":"https:\/\/irankiuzona.lt\/ru\/wp-json\/wp\/v2\/product"}],"about":[{"href":"https:\/\/irankiuzona.lt\/ru\/wp-json\/wp\/v2\/types\/product"}],"replies":[{"embeddable":true,"href":"https:\/\/irankiuzona.lt\/ru\/wp-json\/wp\/v2\/comments?post=368222"}],"version-history":[{"count":1,"href":"https:\/\/irankiuzona.lt\/ru\/wp-json\/wp\/v2\/product\/368222\/revisions"}],"predecessor-version":[{"id":416017,"href":"https:\/\/irankiuzona.lt\/ru\/wp-json\/wp\/v2\/product\/368222\/revisions\/416017"}],"wp:featuredmedia":[{"embeddable":true,"href":"https:\/\/irankiuzona.lt\/ru\/wp-json\/wp\/v2\/media\/244073"}],"wp:attachment":[{"href":"https:\/\/irankiuzona.lt\/ru\/wp-json\/wp\/v2\/media?parent=368222"}],"wp:term":[{"taxonomy":"product_cat","embeddable":true,"href":"https:\/\/irankiuzona.lt\/ru\/wp-json\/wp\/v2\/product_cat?post=368222"},{"taxonomy":"product_tag","embeddable":true,"href":"https:\/\/irankiuzona.lt\/ru\/wp-json\/wp\/v2\/product_tag?post=368222"}],"curies":[{"name":"wp","href":"https:\/\/api.w.org\/{rel}","templated":true}]}}