{"id":368228,"date":"2024-10-14T00:00:45","date_gmt":"2024-10-14T00:00:45","guid":{"rendered":"https:\/\/irankiuzona.lt\/product\/smugine-galvute-1-2-13mm-ilga-6-kampe-3\/"},"modified":"2024-11-20T00:21:13","modified_gmt":"2024-11-20T00:21:13","slug":"smugine-galvute-1-2-13mm-ilga-6-kampe-3","status":"publish","type":"product","link":"https:\/\/irankiuzona.lt\/ru\/product\/smugine-galvute-1-2-13mm-ilga-6-kampe-3\/","title":{"rendered":"Sm\u016bgin\u0117 galvut\u0117 1\/2 13mm ilga 6-kamp\u0117"},"content":{"rendered":"<p>Sukurta naudoti su pneumatiniais sm\u016bginiais \u012frankiais.\u0160e\u0161iakampis darbinis profilis.Standartinis jungties dydis yra 1\/2.Galvos auk\u0161tis &#8211; 78 mm.Pagaminta \u0161alto \u0161tampavimo b\u016bdu.Galvut\u0117s med\u017eiaga &#8211; chromo-molibdeno plienas.Apsaugotas nuo korozijos d\u0117l chemin\u0117s oksidacijos.<\/p>","protected":false},"excerpt":{"rendered":"<p>Sm\u016bgin\u0117 galvut\u0117 1\/2 13mm ilga 6-kamp\u0117<\/p>","protected":false},"featured_media":244148,"comment_status":"open","ping_status":"open","template":"","meta":[],"product_cat":[9801],"product_tag":[9898],"class_list":{"0":"post-368228","1":"product","2":"type-product","3":"status-publish","4":"has-post-thumbnail","6":"product_brand-avtodelo","7":"product_cat-1-2-125-mm-ilgos-smugines-sesiakampes-galvutes","8":"product_tag-avtodelo","10":"first","11":"outofstock","12":"purchasable","13":"product-type-simple"},"jetpack_sharing_enabled":true,"_links":{"self":[{"href":"https:\/\/irankiuzona.lt\/ru\/wp-json\/wp\/v2\/product\/368228","targetHints":{"allow":["GET"]}}],"collection":[{"href":"https:\/\/irankiuzona.lt\/ru\/wp-json\/wp\/v2\/product"}],"about":[{"href":"https:\/\/irankiuzona.lt\/ru\/wp-json\/wp\/v2\/types\/product"}],"replies":[{"embeddable":true,"href":"https:\/\/irankiuzona.lt\/ru\/wp-json\/wp\/v2\/comments?post=368228"}],"version-history":[{"count":0,"href":"https:\/\/irankiuzona.lt\/ru\/wp-json\/wp\/v2\/product\/368228\/revisions"}],"wp:featuredmedia":[{"embeddable":true,"href":"https:\/\/irankiuzona.lt\/ru\/wp-json\/wp\/v2\/media\/244148"}],"wp:attachment":[{"href":"https:\/\/irankiuzona.lt\/ru\/wp-json\/wp\/v2\/media?parent=368228"}],"wp:term":[{"taxonomy":"product_cat","embeddable":true,"href":"https:\/\/irankiuzona.lt\/ru\/wp-json\/wp\/v2\/product_cat?post=368228"},{"taxonomy":"product_tag","embeddable":true,"href":"https:\/\/irankiuzona.lt\/ru\/wp-json\/wp\/v2\/product_tag?post=368228"}],"curies":[{"name":"wp","href":"https:\/\/api.w.org\/{rel}","templated":true}]}}