{"id":368248,"date":"2024-10-14T00:00:53","date_gmt":"2024-10-14T00:00:53","guid":{"rendered":"https:\/\/irankiuzona.lt\/product\/ankeriu-kaisciu-reples-2\/"},"modified":"2026-04-13T04:31:13","modified_gmt":"2026-04-13T04:31:13","slug":"ankeriu-kaisciu-reples-2","status":"publish","type":"product","link":"https:\/\/irankiuzona.lt\/ru\/product\/ankeriu-kaisciu-reples-2\/","title":{"rendered":"Ankeri\u0173, kais\u010di\u0173 repl\u0117s"},"content":{"rendered":"<p>180 mm<\/p>\n<p>aluminium body;<br \/>\nfor Molly-type screws;<br \/>\nergonomic, rubber handle.<\/p>","protected":false},"excerpt":{"rendered":"<p>Ankeri\u0173, kais\u010di\u0173 repl\u0117s \/ 180mm<\/p>","protected":false},"featured_media":244840,"comment_status":"open","ping_status":"open","template":"","meta":[],"product_cat":[9935],"product_tag":[9969],"class_list":{"0":"post-368248","1":"product","2":"type-product","3":"status-publish","4":"has-post-thumbnail","6":"product_brand-hogert-technik-vokietija","7":"product_cat-kitos-reples-specializuotos-reples","8":"product_tag-hogert-technik-vokietija","10":"first","11":"instock","12":"purchasable","13":"product-type-simple"},"jetpack_sharing_enabled":true,"_links":{"self":[{"href":"https:\/\/irankiuzona.lt\/ru\/wp-json\/wp\/v2\/product\/368248","targetHints":{"allow":["GET"]}}],"collection":[{"href":"https:\/\/irankiuzona.lt\/ru\/wp-json\/wp\/v2\/product"}],"about":[{"href":"https:\/\/irankiuzona.lt\/ru\/wp-json\/wp\/v2\/types\/product"}],"replies":[{"embeddable":true,"href":"https:\/\/irankiuzona.lt\/ru\/wp-json\/wp\/v2\/comments?post=368248"}],"version-history":[{"count":1,"href":"https:\/\/irankiuzona.lt\/ru\/wp-json\/wp\/v2\/product\/368248\/revisions"}],"predecessor-version":[{"id":416237,"href":"https:\/\/irankiuzona.lt\/ru\/wp-json\/wp\/v2\/product\/368248\/revisions\/416237"}],"wp:featuredmedia":[{"embeddable":true,"href":"https:\/\/irankiuzona.lt\/ru\/wp-json\/wp\/v2\/media\/244840"}],"wp:attachment":[{"href":"https:\/\/irankiuzona.lt\/ru\/wp-json\/wp\/v2\/media?parent=368248"}],"wp:term":[{"taxonomy":"product_cat","embeddable":true,"href":"https:\/\/irankiuzona.lt\/ru\/wp-json\/wp\/v2\/product_cat?post=368248"},{"taxonomy":"product_tag","embeddable":true,"href":"https:\/\/irankiuzona.lt\/ru\/wp-json\/wp\/v2\/product_tag?post=368248"}],"curies":[{"name":"wp","href":"https:\/\/api.w.org\/{rel}","templated":true}]}}