{"id":368254,"date":"2024-10-14T00:00:55","date_gmt":"2024-10-14T00:00:55","guid":{"rendered":"https:\/\/irankiuzona.lt\/product\/signaline-sviesa-2\/"},"modified":"2026-04-13T00:49:39","modified_gmt":"2026-04-13T00:49:39","slug":"signaline-sviesa-2","status":"publish","type":"product","link":"https:\/\/irankiuzona.lt\/ru\/product\/signaline-sviesa-2\/","title":{"rendered":"Signalin\u0117 \u0161viesa"},"content":{"rendered":"<p>Matmenys: 97 x 115 mm<br \/>\n12 &#8211; 24 V<br \/>\nLaido ilgis 2 m<\/p>","protected":false},"excerpt":{"rendered":"<p>\u012esp\u0117jamoji \u0161viesa<\/p>","protected":false},"featured_media":244989,"comment_status":"open","ping_status":"open","template":"","meta":[],"product_cat":[10049],"product_tag":[9646],"class_list":{"0":"post-368254","1":"product","2":"type-product","3":"status-publish","4":"has-post-thumbnail","6":"product_brand-drel-lenkija","7":"product_cat-ispejamieji-zenklai","8":"product_tag-drel-lenkija","10":"first","11":"outofstock","12":"purchasable","13":"product-type-simple"},"jetpack_sharing_enabled":true,"_links":{"self":[{"href":"https:\/\/irankiuzona.lt\/ru\/wp-json\/wp\/v2\/product\/368254","targetHints":{"allow":["GET"]}}],"collection":[{"href":"https:\/\/irankiuzona.lt\/ru\/wp-json\/wp\/v2\/product"}],"about":[{"href":"https:\/\/irankiuzona.lt\/ru\/wp-json\/wp\/v2\/types\/product"}],"replies":[{"embeddable":true,"href":"https:\/\/irankiuzona.lt\/ru\/wp-json\/wp\/v2\/comments?post=368254"}],"version-history":[{"count":1,"href":"https:\/\/irankiuzona.lt\/ru\/wp-json\/wp\/v2\/product\/368254\/revisions"}],"predecessor-version":[{"id":416287,"href":"https:\/\/irankiuzona.lt\/ru\/wp-json\/wp\/v2\/product\/368254\/revisions\/416287"}],"wp:featuredmedia":[{"embeddable":true,"href":"https:\/\/irankiuzona.lt\/ru\/wp-json\/wp\/v2\/media\/244989"}],"wp:attachment":[{"href":"https:\/\/irankiuzona.lt\/ru\/wp-json\/wp\/v2\/media?parent=368254"}],"wp:term":[{"taxonomy":"product_cat","embeddable":true,"href":"https:\/\/irankiuzona.lt\/ru\/wp-json\/wp\/v2\/product_cat?post=368254"},{"taxonomy":"product_tag","embeddable":true,"href":"https:\/\/irankiuzona.lt\/ru\/wp-json\/wp\/v2\/product_tag?post=368254"}],"curies":[{"name":"wp","href":"https:\/\/api.w.org\/{rel}","templated":true}]}}