{"id":368256,"date":"2024-10-14T00:00:55","date_gmt":"2024-10-14T00:00:55","guid":{"rendered":"https:\/\/irankiuzona.lt\/product\/plombavimo-reples-2\/"},"modified":"2025-10-30T11:55:44","modified_gmt":"2025-10-30T11:55:44","slug":"plombavimo-reples-2","status":"publish","type":"product","link":"https:\/\/irankiuzona.lt\/ru\/product\/plombavimo-reples-2\/","title":{"rendered":"Plombavimo repl\u0117s"},"content":{"rendered":"","protected":false},"excerpt":{"rendered":"<p>Repl\u0117s plomboms u\u017espausti-montuoti<\/p>","protected":false},"featured_media":245010,"comment_status":"open","ping_status":"open","template":"","meta":[],"product_cat":[9935],"product_tag":[9628],"class_list":{"0":"post-368256","1":"product","2":"type-product","3":"status-publish","4":"has-post-thumbnail","6":"product_brand-condor-lenkija","7":"product_cat-kitos-reples-specializuotos-reples","8":"product_tag-condor-lenkija","10":"first","11":"outofstock","12":"purchasable","13":"product-type-simple"},"jetpack_sharing_enabled":true,"_links":{"self":[{"href":"https:\/\/irankiuzona.lt\/ru\/wp-json\/wp\/v2\/product\/368256","targetHints":{"allow":["GET"]}}],"collection":[{"href":"https:\/\/irankiuzona.lt\/ru\/wp-json\/wp\/v2\/product"}],"about":[{"href":"https:\/\/irankiuzona.lt\/ru\/wp-json\/wp\/v2\/types\/product"}],"replies":[{"embeddable":true,"href":"https:\/\/irankiuzona.lt\/ru\/wp-json\/wp\/v2\/comments?post=368256"}],"version-history":[{"count":1,"href":"https:\/\/irankiuzona.lt\/ru\/wp-json\/wp\/v2\/product\/368256\/revisions"}],"predecessor-version":[{"id":416293,"href":"https:\/\/irankiuzona.lt\/ru\/wp-json\/wp\/v2\/product\/368256\/revisions\/416293"}],"wp:featuredmedia":[{"embeddable":true,"href":"https:\/\/irankiuzona.lt\/ru\/wp-json\/wp\/v2\/media\/245010"}],"wp:attachment":[{"href":"https:\/\/irankiuzona.lt\/ru\/wp-json\/wp\/v2\/media?parent=368256"}],"wp:term":[{"taxonomy":"product_cat","embeddable":true,"href":"https:\/\/irankiuzona.lt\/ru\/wp-json\/wp\/v2\/product_cat?post=368256"},{"taxonomy":"product_tag","embeddable":true,"href":"https:\/\/irankiuzona.lt\/ru\/wp-json\/wp\/v2\/product_tag?post=368256"}],"curies":[{"name":"wp","href":"https:\/\/api.w.org\/{rel}","templated":true}]}}