{"id":368309,"date":"2024-10-15T00:00:20","date_gmt":"2024-10-15T00:00:20","guid":{"rendered":"https:\/\/irankiuzona.lt\/product\/apatiniai-termo-marskineliai-xl-xxl-54-56-dydis-3\/"},"modified":"2026-04-23T04:17:19","modified_gmt":"2026-04-23T04:17:19","slug":"apatiniai-termo-marskineliai-xl-xxl-54-56-dydis-3","status":"publish","type":"product","link":"https:\/\/irankiuzona.lt\/ru\/product\/apatiniai-termo-marskineliai-xl-xxl-54-56-dydis-3\/","title":{"rendered":"Apatiniai termo mar\u0161kin\u0117liai XL-XXL (54-56) dydis"},"content":{"rendered":"<p>Ilgi vyri\u0161ki \u0161iluminiai kostiumai suteikia komforto ir gaivumo jausm\u0105 net ir padid\u0117jus<br \/>\nfiziniam kr\u016bviui. Elastingas ir vientisas kirpimas prisitaiko prie k\u016bno form\u0173, pabr\u0117\u017eia<br \/>\nfig\u016br\u0105 ir suteikia jud\u0117jimo laisv\u0119. Apatiniai drabu\u017eiai skirti d\u0117v\u0117ti vis\u0105 sezon\u0105.<br \/>\nCharakteristikos:<\/p>\n<p>med\u017eiaga: 65% poliamido, 35% poliesterio, 160 g\/m\u00b2;<br \/>\ngreitai d\u017ei\u016bstantis;<br \/>\nvyri\u0161ki besi\u016bliai mar\u0161kiniai ilgomis rankov\u0117mis.<\/p>","protected":false},"excerpt":{"rendered":"<p>Apatiniai termo mar\u0161kin\u0117liai (54-56) XL-XXL dyd\u017eio<\/p>","protected":false},"featured_media":246828,"comment_status":"open","ping_status":"open","template":"","meta":[],"product_cat":[10045],"product_tag":[9969],"class_list":{"0":"post-368309","1":"product","2":"type-product","3":"status-publish","4":"has-post-thumbnail","6":"product_brand-hogert-technik-vokietija","7":"product_cat-darbiniai-termo-drabuziai","8":"product_tag-hogert-technik-vokietija","10":"first","11":"instock","12":"purchasable","13":"product-type-simple"},"jetpack_sharing_enabled":true,"_links":{"self":[{"href":"https:\/\/irankiuzona.lt\/ru\/wp-json\/wp\/v2\/product\/368309","targetHints":{"allow":["GET"]}}],"collection":[{"href":"https:\/\/irankiuzona.lt\/ru\/wp-json\/wp\/v2\/product"}],"about":[{"href":"https:\/\/irankiuzona.lt\/ru\/wp-json\/wp\/v2\/types\/product"}],"replies":[{"embeddable":true,"href":"https:\/\/irankiuzona.lt\/ru\/wp-json\/wp\/v2\/comments?post=368309"}],"version-history":[{"count":1,"href":"https:\/\/irankiuzona.lt\/ru\/wp-json\/wp\/v2\/product\/368309\/revisions"}],"predecessor-version":[{"id":416894,"href":"https:\/\/irankiuzona.lt\/ru\/wp-json\/wp\/v2\/product\/368309\/revisions\/416894"}],"wp:featuredmedia":[{"embeddable":true,"href":"https:\/\/irankiuzona.lt\/ru\/wp-json\/wp\/v2\/media\/246828"}],"wp:attachment":[{"href":"https:\/\/irankiuzona.lt\/ru\/wp-json\/wp\/v2\/media?parent=368309"}],"wp:term":[{"taxonomy":"product_cat","embeddable":true,"href":"https:\/\/irankiuzona.lt\/ru\/wp-json\/wp\/v2\/product_cat?post=368309"},{"taxonomy":"product_tag","embeddable":true,"href":"https:\/\/irankiuzona.lt\/ru\/wp-json\/wp\/v2\/product_tag?post=368309"}],"curies":[{"name":"wp","href":"https:\/\/api.w.org\/{rel}","templated":true}]}}