{"id":368347,"date":"2024-10-15T00:00:29","date_gmt":"2024-10-15T00:00:29","guid":{"rendered":"https:\/\/irankiuzona.lt\/product\/komplektas-varztams-slapukams-atsukti-2\/"},"modified":"2026-04-12T15:17:56","modified_gmt":"2026-04-12T15:17:56","slug":"komplektas-varztams-slapukams-atsukti-2","status":"publish","type":"product","link":"https:\/\/irankiuzona.lt\/ru\/product\/komplektas-varztams-slapukams-atsukti-2\/","title":{"rendered":"Komplektas var\u017etams &quot;slapukams&quot; atsukti"},"content":{"rendered":"<p>Idealiai tinka nuimti apvalias rat\u0173 ver\u017eles ir daugum\u0105 fiksuojan\u010di\u0173 rat\u0173 ver\u017eli\u0173 avariniu atveju.Veiks su besisukan\u010diomis ir gr\u016bdinto tipo fiksavimo ver\u017el\u0117mis.Pagaminta i\u0161 S1 plieno A ir B a\u0161menims.Tvirtame ir patvariame apsauginiame d\u0117kle.<\/p>","protected":false},"excerpt":{"rendered":"<p>Komplektas var\u017etams &quot;slapukams&quot; atsukti<\/p>","protected":false},"featured_media":247461,"comment_status":"open","ping_status":"open","template":"","meta":[],"product_cat":[9797],"product_tag":[],"class_list":{"0":"post-368347","1":"product","2":"type-product","3":"status-publish","4":"has-post-thumbnail","6":"product_cat-irankiai-ratu-slapukams-atsukti","8":"first","9":"outofstock","10":"purchasable","11":"product-type-simple"},"jetpack_sharing_enabled":true,"_links":{"self":[{"href":"https:\/\/irankiuzona.lt\/ru\/wp-json\/wp\/v2\/product\/368347","targetHints":{"allow":["GET"]}}],"collection":[{"href":"https:\/\/irankiuzona.lt\/ru\/wp-json\/wp\/v2\/product"}],"about":[{"href":"https:\/\/irankiuzona.lt\/ru\/wp-json\/wp\/v2\/types\/product"}],"replies":[{"embeddable":true,"href":"https:\/\/irankiuzona.lt\/ru\/wp-json\/wp\/v2\/comments?post=368347"}],"version-history":[{"count":1,"href":"https:\/\/irankiuzona.lt\/ru\/wp-json\/wp\/v2\/product\/368347\/revisions"}],"predecessor-version":[{"id":417098,"href":"https:\/\/irankiuzona.lt\/ru\/wp-json\/wp\/v2\/product\/368347\/revisions\/417098"}],"wp:featuredmedia":[{"embeddable":true,"href":"https:\/\/irankiuzona.lt\/ru\/wp-json\/wp\/v2\/media\/247461"}],"wp:attachment":[{"href":"https:\/\/irankiuzona.lt\/ru\/wp-json\/wp\/v2\/media?parent=368347"}],"wp:term":[{"taxonomy":"product_cat","embeddable":true,"href":"https:\/\/irankiuzona.lt\/ru\/wp-json\/wp\/v2\/product_cat?post=368347"},{"taxonomy":"product_tag","embeddable":true,"href":"https:\/\/irankiuzona.lt\/ru\/wp-json\/wp\/v2\/product_tag?post=368347"}],"curies":[{"name":"wp","href":"https:\/\/api.w.org\/{rel}","templated":true}]}}