{"id":368435,"date":"2024-10-15T00:00:58","date_gmt":"2024-10-15T00:00:58","guid":{"rendered":"https:\/\/irankiuzona.lt\/product\/geleztes-siaurapjukliui-50mm-12mm-2vnt-2\/"},"modified":"2026-04-13T11:44:12","modified_gmt":"2026-04-13T11:44:12","slug":"geleztes-siaurapjukliui-50mm-12mm-2vnt-2","status":"publish","type":"product","link":"https:\/\/irankiuzona.lt\/ru\/product\/geleztes-siaurapjukliui-50mm-12mm-2vnt-2\/","title":{"rendered":"Gele\u017et\u0117s siaurapj\u016bkliui 50mm\/1,2mm 2vnt"},"content":{"rendered":"","protected":false},"excerpt":{"rendered":"<p>Gele\u017et\u0117s siaurapj\u016bkliui metalui 50mm 1,2mm 2vnt<\/p>","protected":false},"featured_media":296070,"comment_status":"open","ping_status":"open","template":"","meta":[],"product_cat":[9632],"product_tag":[9646],"class_list":{"0":"post-368435","1":"product","2":"type-product","3":"status-publish","4":"has-post-thumbnail","6":"product_brand-drel-lenkija","7":"product_cat-geleztes-metalui","8":"product_tag-drel-lenkija","10":"first","11":"outofstock","12":"purchasable","13":"product-type-simple"},"jetpack_sharing_enabled":true,"_links":{"self":[{"href":"https:\/\/irankiuzona.lt\/ru\/wp-json\/wp\/v2\/product\/368435","targetHints":{"allow":["GET"]}}],"collection":[{"href":"https:\/\/irankiuzona.lt\/ru\/wp-json\/wp\/v2\/product"}],"about":[{"href":"https:\/\/irankiuzona.lt\/ru\/wp-json\/wp\/v2\/types\/product"}],"replies":[{"embeddable":true,"href":"https:\/\/irankiuzona.lt\/ru\/wp-json\/wp\/v2\/comments?post=368435"}],"version-history":[{"count":1,"href":"https:\/\/irankiuzona.lt\/ru\/wp-json\/wp\/v2\/product\/368435\/revisions"}],"predecessor-version":[{"id":417787,"href":"https:\/\/irankiuzona.lt\/ru\/wp-json\/wp\/v2\/product\/368435\/revisions\/417787"}],"wp:featuredmedia":[{"embeddable":true,"href":"https:\/\/irankiuzona.lt\/ru\/wp-json\/wp\/v2\/media\/296070"}],"wp:attachment":[{"href":"https:\/\/irankiuzona.lt\/ru\/wp-json\/wp\/v2\/media?parent=368435"}],"wp:term":[{"taxonomy":"product_cat","embeddable":true,"href":"https:\/\/irankiuzona.lt\/ru\/wp-json\/wp\/v2\/product_cat?post=368435"},{"taxonomy":"product_tag","embeddable":true,"href":"https:\/\/irankiuzona.lt\/ru\/wp-json\/wp\/v2\/product_tag?post=368435"}],"curies":[{"name":"wp","href":"https:\/\/api.w.org\/{rel}","templated":true}]}}