{"id":368629,"date":"2024-10-16T00:00:56","date_gmt":"2024-10-16T00:00:56","guid":{"rendered":"https:\/\/irankiuzona.lt\/product\/galvute-1-ilga-33mm-smugine-2\/"},"modified":"2026-04-05T04:16:35","modified_gmt":"2026-04-05T04:16:35","slug":"galvute-1-ilga-33mm-smugine-2","status":"publish","type":"product","link":"https:\/\/irankiuzona.lt\/ru\/product\/galvute-1-ilga-33mm-smugine-2\/","title":{"rendered":"Galvut\u0117 1&quot; ilga 33mm sm\u016bgin\u0117"},"content":{"rendered":"<p>Lizdas &#8211; 1&quot;33mm<\/p>","protected":false},"excerpt":{"rendered":"<p>Galvut\u0117 1&quot; ilga 33mm sm\u016bgin\u0117<\/p>","protected":false},"featured_media":251480,"comment_status":"open","ping_status":"open","template":"","meta":[],"product_cat":[9772],"product_tag":[9969],"class_list":{"0":"post-368629","1":"product","2":"type-product","3":"status-publish","4":"has-post-thumbnail","6":"product_brand-hogert-technik-vokietija","7":"product_cat-1-25-mm-trumpos-ir-ilgos-smugines-sesiakampes-galvutes","8":"product_tag-hogert-technik-vokietija","10":"first","11":"outofstock","12":"purchasable","13":"product-type-simple"},"jetpack_sharing_enabled":true,"_links":{"self":[{"href":"https:\/\/irankiuzona.lt\/ru\/wp-json\/wp\/v2\/product\/368629","targetHints":{"allow":["GET"]}}],"collection":[{"href":"https:\/\/irankiuzona.lt\/ru\/wp-json\/wp\/v2\/product"}],"about":[{"href":"https:\/\/irankiuzona.lt\/ru\/wp-json\/wp\/v2\/types\/product"}],"replies":[{"embeddable":true,"href":"https:\/\/irankiuzona.lt\/ru\/wp-json\/wp\/v2\/comments?post=368629"}],"version-history":[{"count":0,"href":"https:\/\/irankiuzona.lt\/ru\/wp-json\/wp\/v2\/product\/368629\/revisions"}],"wp:featuredmedia":[{"embeddable":true,"href":"https:\/\/irankiuzona.lt\/ru\/wp-json\/wp\/v2\/media\/251480"}],"wp:attachment":[{"href":"https:\/\/irankiuzona.lt\/ru\/wp-json\/wp\/v2\/media?parent=368629"}],"wp:term":[{"taxonomy":"product_cat","embeddable":true,"href":"https:\/\/irankiuzona.lt\/ru\/wp-json\/wp\/v2\/product_cat?post=368629"},{"taxonomy":"product_tag","embeddable":true,"href":"https:\/\/irankiuzona.lt\/ru\/wp-json\/wp\/v2\/product_tag?post=368629"}],"curies":[{"name":"wp","href":"https:\/\/api.w.org\/{rel}","templated":true}]}}